{"id":646,"date":"2026-03-15T11:40:43","date_gmt":"2026-03-15T15:40:43","guid":{"rendered":"https:\/\/emathieu.dectim.ca\/bevv\/?page_id=646"},"modified":"2026-04-27T19:12:12","modified_gmt":"2026-04-27T23:12:12","slug":"mark","status":"publish","type":"page","link":"https:\/\/emathieu.dectim.ca\/bevv\/mark\/","title":{"rendered":"Equipe Mark mathieu"},"content":{"rendered":"\n<div class=\"wp-block-nk-awb nk-awb alignfull has-000000-background-color has-background\"><div class=\"nk-awb-wrap\" style=\"background:#000000\" data-awb-type=\"image\" data-awb-image-background-size=\"cover\" data-awb-image-background-position=\"50% 50%\"><div class=\"nk-awb-inner\" style=\"opacity: 0.48;\"><img loading=\"lazy\" decoding=\"async\" src=\"https:\/\/emathieu.dectim.ca\/bevv\/wp-content\/uploads\/2026\/04\/Mark.png\" class=\"wp-image-1505 jarallax-img\" width=\"1920\" height=\"1080\" srcset=\"https:\/\/emathieu.dectim.ca\/bevv\/wp-content\/uploads\/2026\/04\/Mark.png 1920w, https:\/\/emathieu.dectim.ca\/bevv\/wp-content\/uploads\/2026\/04\/Mark-300x169.png 300w, https:\/\/emathieu.dectim.ca\/bevv\/wp-content\/uploads\/2026\/04\/Mark-1024x576.png 1024w, https:\/\/emathieu.dectim.ca\/bevv\/wp-content\/uploads\/2026\/04\/Mark-768x432.png 768w, https:\/\/emathieu.dectim.ca\/bevv\/wp-content\/uploads\/2026\/04\/Mark-1536x864.png 1536w, https:\/\/emathieu.dectim.ca\/bevv\/wp-content\/uploads\/2026\/04\/Mark-500x281.png 500w, https:\/\/emathieu.dectim.ca\/bevv\/wp-content\/uploads\/2026\/04\/Mark-800x450.png 800w, https:\/\/emathieu.dectim.ca\/bevv\/wp-content\/uploads\/2026\/04\/Mark-1280x720.png 1280w\" sizes=\"auto, (max-width: 1920px) 100vw, 1920px\" \/><\/div><\/div><div class=\"nk-awb-wrap-content is-layout-constrained wp-container-nk-awb-is-layout-1d09d83f wp-block-nk-awb-is-layout-constrained\">\n<div style=\"height:290px\" aria-hidden=\"true\" class=\"wp-block-spacer\"><\/div>\n\n\n\n<div class=\"wp-block-group is-layout-constrained wp-container-core-group-is-layout-323a0f85 wp-block-group-is-layout-constrained\" style=\"padding-right:0;padding-left:0\">\n<h3 class=\"wp-block-heading has-text-align-left has-ast-global-color-1-color has-text-color has-link-color wp-elements-c92a26bf63b17eb5d98e1eb398e38097\">D\u00e9veloppeur<\/h3>\n\n\n\n<h1 class=\"wp-block-heading has-text-align-left animated fadeIn\" style=\"margin-top:var(--wp--preset--spacing--30);margin-right:0;margin-bottom:var(--wp--preset--spacing--30);margin-left:0\">Mark Mathieu<\/h1>\n<\/div>\n\n\n\n<div style=\"height:290px\" aria-hidden=\"true\" class=\"wp-block-spacer\"><\/div>\n<\/div><\/div>\n\n\n\n<div class=\"wp-block-columns alignwide is-layout-flex wp-container-core-columns-is-layout-e0e4babd wp-block-columns-is-layout-flex\" style=\"padding-right:0;padding-left:0\">\n<div class=\"wp-block-column is-layout-flow wp-block-column-is-layout-flow\">\n<h2 class=\"wp-block-heading has-text-align-left\" style=\"font-size:70px\">D\u00c9VELOPPEUR<\/h2>\n<\/div>\n<\/div>\n\n\n\n<hr class=\"wp-block-separator has-text-color has-ast-global-color-4-color has-alpha-channel-opacity has-ast-global-color-4-background-color has-background is-style-wide\" style=\"margin-top:0;margin-bottom:0\"\/>\n\n\n\n<div class=\"wp-block-columns alignwide is-layout-flex wp-container-core-columns-is-layout-e0e4babd wp-block-columns-is-layout-flex\" style=\"padding-right:0;padding-left:0\">\n<div class=\"wp-block-column is-layout-flow wp-block-column-is-layout-flow\" style=\"flex-basis:75%\">\n<h4 class=\"wp-block-heading\"><strong>D\u00c9VELOPPEUR DE JEU VIDEO<\/strong><\/h4>\n\n\n\n<p class=\"has-text-align-left\">Mark Mathieu est un professionnel passionn\u00e9 et rigoureux. En tant que d\u00e9veloppeur de jeux vid\u00e9o, il se distingue par sa capacit\u00e9 \u00e0 donner vie \u00e0 des concepts interactifs en cr\u00e9ant des exp\u00e9riences immersives et captivantes.<\/p>\n\n\n\n<p>Sp\u00e9cialis\u00e9 dans la programmation et la conception de m\u00e9caniques de jeu, il ma\u00eetrise plusieurs langages et moteurs de d\u00e9veloppement. Son travail consiste \u00e0 transformer les id\u00e9es cr\u00e9atives en syst\u00e8mes fonctionnels, en assurant la fluidit\u00e9 du gameplay, la performance du jeu et la stabilit\u00e9 technique.<\/p>\n\n\n\n<p class=\"has-text-align-left has-medium-font-size\" style=\"padding-top:0;padding-right:0;padding-bottom:0;padding-left:0;line-height:1.8\">Mark intervient \u00e0 diff\u00e9rentes \u00e9tapes du d\u00e9veloppement, de la cr\u00e9ation des prototypes jusqu\u2019\u00e0 l\u2019optimisation finale. Il collabore \u00e9troitement avec les artistes, les designers et les testeurs afin de garantir un produit coh\u00e9rent, innovant et de haute qualit\u00e9.<\/p>\n<\/div>\n<\/div>\n\n\n\n<hr class=\"wp-block-separator has-text-color has-ast-global-color-4-color has-alpha-channel-opacity has-ast-global-color-4-background-color has-background is-style-wide\" style=\"margin-top:0;margin-bottom:0\"\/>\n\n\n\n<div class=\"wp-block-columns is-layout-flex wp-container-core-columns-is-layout-e0e4babd wp-block-columns-is-layout-flex\" style=\"padding-right:0;padding-left:0\">\n<div class=\"wp-block-column is-vertically-aligned-top is-layout-flow wp-container-core-column-is-layout-f3c7fa73 wp-block-column-is-layout-flow\" style=\"padding-top:0;padding-bottom:0;flex-basis:100%\">\n<h4 class=\"wp-block-heading has-text-align-left\">Personalit\u00e9<\/h4>\n\n\n\n<p class=\"has-text-align-left\" style=\"margin-top:0;margin-right:0;margin-bottom:0;margin-left:0\"><br>Mark Mathieu est une personne curieuse et pers\u00e9v\u00e9rante. Il aime comprendre en profondeur le fonctionnement des syst\u00e8mes et relever des d\u00e9fis techniques complexes. Face aux probl\u00e8mes, il fait preuve de patience et de logique, cherchant toujours la solution la plus efficace. Cr\u00e9atif dans son approche, il appr\u00e9cie exp\u00e9rimenter de nouvelles id\u00e9es et repousser les limites du gameplay. Il poss\u00e8de \u00e9galement un bon esprit d\u2019\u00e9quipe : \u00e0 l\u2019\u00e9coute des autres, il sait collaborer avec diff\u00e9rents profils et communiquer clairement ses id\u00e9es. Organis\u00e9 et m\u00e9thodique, Mark accorde une grande importance aux d\u00e9tails, ce qui lui permet de produire un travail fiable et optimis\u00e9.<\/p>\n<\/div>\n<\/div>\n\n\n\n<hr class=\"wp-block-separator has-text-color has-ast-global-color-4-color has-alpha-channel-opacity has-ast-global-color-4-background-color has-background is-style-wide\"\/>\n\n\n\n<div class=\"wp-block-columns alignwide is-layout-flex wp-container-core-columns-is-layout-e0e4babd wp-block-columns-is-layout-flex\" style=\"padding-right:0;padding-left:0\">\n<div class=\"wp-block-column is-vertically-aligned-top is-layout-flow wp-block-column-is-layout-flow\">\n<h4 class=\"wp-block-heading\">Salaire<\/h4>\n\n\n\n<p class=\"has-text-align-left has-medium-font-size\">En tant que d\u00e9veloppeur de jeux vid\u00e9o, le salaire de Mark Mathieu peut varier selon son exp\u00e9rience, ses comp\u00e9tences et la taille de l\u2019entreprise dans laquelle il travaille. En d\u00e9but de carri\u00e8re, un d\u00e9veloppeur de jeux vid\u00e9o peut gagner un salaire annuel d\u2019environ 45 000 \u00e0 60 000 CAD. Avec quelques ann\u00e9es d\u2019exp\u00e9rience, ce salaire peut \u00e9voluer entre 65 000 et 85 000 CAD. Pour un profil senior ou tr\u00e8s exp\u00e9riment\u00e9, comme Mark s\u2019il a plusieurs projets r\u00e9ussis \u00e0 son actif, la r\u00e9mun\u00e9ration peut atteindre 90 000 \u00e0 120 000 CAD, voire davantage dans de grands studios ou sur des projets d\u2019envergure.En plus de son salaire de base, Mark peut b\u00e9n\u00e9ficier d\u2019avantages comme des primes, des assurances, ou encore des bonus li\u00e9s aux performances du jeu.<\/p>\n\n\n\n<p class=\"has-text-align-left\" style=\"margin-top:var(--wp--preset--spacing--60);margin-right:0;margin-bottom:var(--wp--preset--spacing--60);margin-left:0\">Son salaire annuel : 75 000$<\/p>\n<\/div>\n<\/div>\n\n\n\n<hr class=\"wp-block-separator has-text-color has-ast-global-color-4-color has-alpha-channel-opacity has-ast-global-color-4-background-color has-background is-style-wide\"\/>\n\n\n\n<h4 class=\"wp-block-heading has-text-align-center\">Principale t\u00e2ches et comp\u00e9tences<\/h4>\n\n\n\n<div class=\"wp-block-columns is-layout-flex wp-container-core-columns-is-layout-28f84493 wp-block-columns-is-layout-flex\">\n<div class=\"wp-block-column is-layout-flow wp-block-column-is-layout-flow\">\n<h2 class=\"wp-block-heading has-text-align-center has-medium-font-size\">CONCEPTION DE JEU<\/h2>\n\n\n\n<p class=\"has-text-align-center has-small-font-size\">Innovateur<\/p>\n<\/div>\n\n\n\n<div class=\"wp-block-column is-layout-flow wp-block-column-is-layout-flow\">\n<h2 class=\"wp-block-heading has-text-align-center has-medium-font-size\">PROGRAMMER<\/h2>\n\n\n\n<p class=\"has-text-align-center has-small-font-size\">Professionnel<\/p>\n<\/div>\n\n\n\n<div class=\"wp-block-column is-layout-flow wp-block-column-is-layout-flow\">\n<h2 class=\"wp-block-heading has-text-align-center has-medium-font-size\">D\u00c9VELOPPEMENT DE GAMEPLAY<\/h2>\n\n\n\n<p class=\"has-text-align-center has-small-font-size\">fluidit\u00e9<\/p>\n<\/div>\n<\/div>\n\n\n\n<h4 class=\"wp-block-heading has-text-align-center animated fadeIn\">Logiciel Utilis\u00e9<\/h4>\n\n\n\n<div class=\"wp-block-columns animated fadeInRight is-layout-flex wp-container-core-columns-is-layout-8b202a91 wp-block-columns-is-layout-flex\" style=\"padding-top:0;padding-right:10rem;padding-bottom:0;padding-left:10rem\">\n<div class=\"wp-block-column is-vertically-aligned-center is-layout-flow wp-block-column-is-layout-flow\" style=\"padding-top:0;padding-right:var(--wp--preset--spacing--40);padding-bottom:0;padding-left:var(--wp--preset--spacing--40)\">\n<figure class=\"wp-block-image size-large is-resized is-style-default wp-duotone-rgb255255255-rgb255255255-2\"><img loading=\"lazy\" decoding=\"async\" width=\"997\" height=\"1024\" src=\"https:\/\/emathieu.dectim.ca\/bevv\/wp-content\/uploads\/2026\/04\/unity-69-logo-png-transparent-997x1024.png\" alt=\"\" class=\"wp-image-1663\" style=\"aspect-ratio:0.9736230096394356;width:185px;height:auto\" srcset=\"https:\/\/emathieu.dectim.ca\/bevv\/wp-content\/uploads\/2026\/04\/unity-69-logo-png-transparent-997x1024.png 997w, https:\/\/emathieu.dectim.ca\/bevv\/wp-content\/uploads\/2026\/04\/unity-69-logo-png-transparent-292x300.png 292w, https:\/\/emathieu.dectim.ca\/bevv\/wp-content\/uploads\/2026\/04\/unity-69-logo-png-transparent-768x789.png 768w, https:\/\/emathieu.dectim.ca\/bevv\/wp-content\/uploads\/2026\/04\/unity-69-logo-png-transparent-1495x1536.png 1495w, https:\/\/emathieu.dectim.ca\/bevv\/wp-content\/uploads\/2026\/04\/unity-69-logo-png-transparent-1993x2048.png 1993w, https:\/\/emathieu.dectim.ca\/bevv\/wp-content\/uploads\/2026\/04\/unity-69-logo-png-transparent-500x514.png 500w, https:\/\/emathieu.dectim.ca\/bevv\/wp-content\/uploads\/2026\/04\/unity-69-logo-png-transparent-800x822.png 800w, https:\/\/emathieu.dectim.ca\/bevv\/wp-content\/uploads\/2026\/04\/unity-69-logo-png-transparent-1280x1315.png 1280w, https:\/\/emathieu.dectim.ca\/bevv\/wp-content\/uploads\/2026\/04\/unity-69-logo-png-transparent-1920x1973.png 1920w\" sizes=\"auto, (max-width: 997px) 100vw, 997px\" \/><\/figure>\n<\/div>\n\n\n\n<div class=\"wp-block-column is-vertically-aligned-center is-layout-flow wp-container-core-column-is-layout-7b71c89d wp-block-column-is-layout-flow\" style=\"padding-top:0;padding-right:var(--wp--preset--spacing--40);padding-bottom:0;padding-left:var(--wp--preset--spacing--40)\">\n<figure class=\"wp-block-image size-large is-resized\" style=\"margin-top:0;margin-right:46px;margin-bottom:0;margin-left:46px\"><img loading=\"lazy\" decoding=\"async\" width=\"1024\" height=\"1024\" src=\"https:\/\/emathieu.dectim.ca\/bevv\/wp-content\/uploads\/2026\/04\/Godot_icon-26b45f.svg\" alt=\"\" class=\"wp-image-1664\" style=\"width:216px;height:auto\"\/><\/figure>\n<\/div>\n\n\n\n<div class=\"wp-block-column is-vertically-aligned-center is-layout-flow wp-block-column-is-layout-flow\" style=\"padding-right:var(--wp--preset--spacing--40);padding-left:var(--wp--preset--spacing--40)\">\n<figure class=\"wp-block-gallery has-nested-images columns-default is-cropped wp-block-gallery-4 is-layout-flex wp-block-gallery-is-layout-flex\">\n<figure class=\"wp-block-image size-large wp-duotone-rgb249249249-ffffff-3\" style=\"margin-right:0;margin-left:0\"><img loading=\"lazy\" decoding=\"async\" width=\"1024\" height=\"768\" data-id=\"1667\" src=\"https:\/\/emathieu.dectim.ca\/bevv\/wp-content\/uploads\/2026\/04\/Unreal_Engine-Logo.wine_-edited-1024x768.png\" alt=\"\" class=\"wp-image-1667\" srcset=\"https:\/\/emathieu.dectim.ca\/bevv\/wp-content\/uploads\/2026\/04\/Unreal_Engine-Logo.wine_-edited-1024x768.png 1024w, https:\/\/emathieu.dectim.ca\/bevv\/wp-content\/uploads\/2026\/04\/Unreal_Engine-Logo.wine_-edited-300x225.png 300w, https:\/\/emathieu.dectim.ca\/bevv\/wp-content\/uploads\/2026\/04\/Unreal_Engine-Logo.wine_-edited-768x576.png 768w, https:\/\/emathieu.dectim.ca\/bevv\/wp-content\/uploads\/2026\/04\/Unreal_Engine-Logo.wine_-edited-1536x1152.png 1536w, https:\/\/emathieu.dectim.ca\/bevv\/wp-content\/uploads\/2026\/04\/Unreal_Engine-Logo.wine_-edited-500x375.png 500w, https:\/\/emathieu.dectim.ca\/bevv\/wp-content\/uploads\/2026\/04\/Unreal_Engine-Logo.wine_-edited-800x600.png 800w, https:\/\/emathieu.dectim.ca\/bevv\/wp-content\/uploads\/2026\/04\/Unreal_Engine-Logo.wine_-edited-1280x960.png 1280w, https:\/\/emathieu.dectim.ca\/bevv\/wp-content\/uploads\/2026\/04\/Unreal_Engine-Logo.wine_-edited.png 1767w\" sizes=\"auto, (max-width: 1024px) 100vw, 1024px\" \/><\/figure>\n<\/figure>\n<\/div>\n<\/div>\n\n\n\n<div style=\"height:100px\" aria-hidden=\"true\" class=\"wp-block-spacer\"><\/div>\n\n\n\n<p><\/p>\n","protected":false},"excerpt":{"rendered":"<p>D\u00c9VELOPPEUR D\u00c9VELOPPEUR DE JEU VIDEO Mark Mathieu est un professionnel passionn\u00e9 et rigoureux. En tant que d\u00e9veloppeur de jeux vid\u00e9o, [&hellip;]<\/p>\n","protected":false},"author":2,"featured_media":0,"parent":0,"menu_order":0,"comment_status":"closed","ping_status":"closed","template":"","meta":{"site-sidebar-layout":"default","site-content-layout":"","ast-site-content-layout":"default","site-content-style":"default","site-sidebar-style":"default","ast-global-header-display":"","ast-banner-title-visibility":"","ast-main-header-display":"","ast-hfb-above-header-display":"","ast-hfb-below-header-display":"","ast-hfb-mobile-header-display":"","site-post-title":"disabled","ast-breadcrumbs-content":"","ast-featured-img":"","footer-sml-layout":"","ast-disable-related-posts":"","theme-transparent-header-meta":"","adv-header-id-meta":"","stick-header-meta":"","header-above-stick-meta":"","header-main-stick-meta":"","header-below-stick-meta":"","astra-migrate-meta-layouts":"default","ast-page-background-enabled":"default","ast-page-background-meta":{"desktop":{"background-color":"var(--ast-global-color-5)","background-image":"","background-repeat":"repeat","background-position":"center center","background-size":"auto","background-attachment":"scroll","background-type":"","background-media":"","overlay-type":"","overlay-color":"","overlay-opacity":"","overlay-gradient":""},"tablet":{"background-color":"","background-image":"","background-repeat":"repeat","background-position":"center center","background-size":"auto","background-attachment":"scroll","background-type":"","background-media":"","overlay-type":"","overlay-color":"","overlay-opacity":"","overlay-gradient":""},"mobile":{"background-color":"","background-image":"","background-repeat":"repeat","background-position":"center center","background-size":"auto","background-attachment":"scroll","background-type":"","background-media":"","overlay-type":"","overlay-color":"","overlay-opacity":"","overlay-gradient":""}},"ast-content-background-meta":{"desktop":{"background-color":"var(--ast-global-color-4)","background-image":"","background-repeat":"repeat","background-position":"center center","background-size":"auto","background-attachment":"scroll","background-type":"","background-media":"","overlay-type":"","overlay-color":"","overlay-opacity":"","overlay-gradient":""},"tablet":{"background-color":"var(--ast-global-color-4)","background-image":"","background-repeat":"repeat","background-position":"center center","background-size":"auto","background-attachment":"scroll","background-type":"","background-media":"","overlay-type":"","overlay-color":"","overlay-opacity":"","overlay-gradient":""},"mobile":{"background-color":"var(--ast-global-color-4)","background-image":"","background-repeat":"repeat","background-position":"center center","background-size":"auto","background-attachment":"scroll","background-type":"","background-media":"","overlay-type":"","overlay-color":"","overlay-opacity":"","overlay-gradient":""}},"_themeisle_gutenberg_block_has_review":false,"footnotes":""},"class_list":["post-646","page","type-page","status-publish","hentry"],"_links":{"self":[{"href":"https:\/\/emathieu.dectim.ca\/bevv\/wp-json\/wp\/v2\/pages\/646","targetHints":{"allow":["GET"]}}],"collection":[{"href":"https:\/\/emathieu.dectim.ca\/bevv\/wp-json\/wp\/v2\/pages"}],"about":[{"href":"https:\/\/emathieu.dectim.ca\/bevv\/wp-json\/wp\/v2\/types\/page"}],"author":[{"embeddable":true,"href":"https:\/\/emathieu.dectim.ca\/bevv\/wp-json\/wp\/v2\/users\/2"}],"replies":[{"embeddable":true,"href":"https:\/\/emathieu.dectim.ca\/bevv\/wp-json\/wp\/v2\/comments?post=646"}],"version-history":[{"count":21,"href":"https:\/\/emathieu.dectim.ca\/bevv\/wp-json\/wp\/v2\/pages\/646\/revisions"}],"predecessor-version":[{"id":2132,"href":"https:\/\/emathieu.dectim.ca\/bevv\/wp-json\/wp\/v2\/pages\/646\/revisions\/2132"}],"wp:attachment":[{"href":"https:\/\/emathieu.dectim.ca\/bevv\/wp-json\/wp\/v2\/media?parent=646"}],"curies":[{"name":"wp","href":"https:\/\/api.w.org\/{rel}","templated":true}]}}