{"id":640,"date":"2026-03-15T11:37:29","date_gmt":"2026-03-15T15:37:29","guid":{"rendered":"https:\/\/emathieu.dectim.ca\/bevv\/?page_id=640"},"modified":"2026-04-27T19:11:33","modified_gmt":"2026-04-27T23:11:33","slug":"louise","status":"publish","type":"page","link":"https:\/\/emathieu.dectim.ca\/bevv\/louise\/","title":{"rendered":"Equipe Louise Auger"},"content":{"rendered":"\n<div class=\"wp-block-nk-awb nk-awb alignfull has-000000-background-color has-background\"><div class=\"nk-awb-wrap\" style=\"background:#000000\" data-awb-type=\"image\" data-awb-image-background-size=\"cover\" data-awb-image-background-position=\"50% 50%\"><div class=\"nk-awb-inner\" style=\"opacity: 0.48;\"><img loading=\"lazy\" decoding=\"async\" src=\"https:\/\/emathieu.dectim.ca\/bevv\/wp-content\/uploads\/2026\/04\/Louise.png\" class=\"wp-image-1480 jarallax-img\" width=\"1900\" height=\"1302\" srcset=\"https:\/\/emathieu.dectim.ca\/bevv\/wp-content\/uploads\/2026\/04\/Louise.png 1900w, https:\/\/emathieu.dectim.ca\/bevv\/wp-content\/uploads\/2026\/04\/Louise-300x206.png 300w, https:\/\/emathieu.dectim.ca\/bevv\/wp-content\/uploads\/2026\/04\/Louise-1024x702.png 1024w, https:\/\/emathieu.dectim.ca\/bevv\/wp-content\/uploads\/2026\/04\/Louise-768x526.png 768w, https:\/\/emathieu.dectim.ca\/bevv\/wp-content\/uploads\/2026\/04\/Louise-1536x1053.png 1536w, https:\/\/emathieu.dectim.ca\/bevv\/wp-content\/uploads\/2026\/04\/Louise-500x343.png 500w, https:\/\/emathieu.dectim.ca\/bevv\/wp-content\/uploads\/2026\/04\/Louise-800x548.png 800w, https:\/\/emathieu.dectim.ca\/bevv\/wp-content\/uploads\/2026\/04\/Louise-1280x877.png 1280w\" sizes=\"auto, (max-width: 1900px) 100vw, 1900px\" \/><\/div><\/div><div class=\"nk-awb-wrap-content is-layout-constrained wp-container-nk-awb-is-layout-1d09d83f wp-block-nk-awb-is-layout-constrained\">\n<div style=\"height:290px\" aria-hidden=\"true\" class=\"wp-block-spacer\"><\/div>\n\n\n\n<div class=\"wp-block-group is-layout-constrained wp-container-core-group-is-layout-323a0f85 wp-block-group-is-layout-constrained\" style=\"padding-right:0;padding-left:0\">\n<h3 class=\"wp-block-heading has-text-align-left has-ast-global-color-1-color has-text-color has-link-color wp-elements-d9783b319a00b1ff4d449235eb02836d\">D\u00e9veloppeuse<\/h3>\n\n\n\n<h1 class=\"wp-block-heading has-text-align-left animated fadeIn\" style=\"margin-top:var(--wp--preset--spacing--30);margin-right:0;margin-bottom:var(--wp--preset--spacing--30);margin-left:0\">Louise Auger<\/h1>\n<\/div>\n\n\n\n<div style=\"height:290px\" aria-hidden=\"true\" class=\"wp-block-spacer\"><\/div>\n<\/div><\/div>\n\n\n\n<div class=\"wp-block-columns alignwide is-layout-flex wp-container-core-columns-is-layout-e0e4babd wp-block-columns-is-layout-flex\" style=\"padding-right:0;padding-left:0\">\n<div class=\"wp-block-column is-layout-flow wp-block-column-is-layout-flow\">\n<h2 class=\"wp-block-heading has-text-align-left\" style=\"font-size:70px\">D\u00e9veloppeuse<\/h2>\n<\/div>\n<\/div>\n\n\n\n<hr class=\"wp-block-separator has-text-color has-ast-global-color-4-color has-alpha-channel-opacity has-ast-global-color-4-background-color has-background is-style-wide\" style=\"margin-top:0;margin-bottom:0\"\/>\n\n\n\n<div class=\"wp-block-columns alignwide is-layout-flex wp-container-core-columns-is-layout-e0e4babd wp-block-columns-is-layout-flex\" style=\"padding-right:0;padding-left:0\">\n<div class=\"wp-block-column is-layout-flow wp-block-column-is-layout-flow\" style=\"flex-basis:75%\">\n<h4 class=\"wp-block-heading\"><strong>D\u00e9veloppeuse<\/strong><\/h4>\n\n\n\n<p class=\"has-text-align-left\">Louise est une employ\u00e9 professionnel et cr\u00e9atif. Elle travaille en tant que d\u00e9veloppeuse au sein de l\u2019entreprise, il se distingue par son soucis du d\u00e9tail et son talent dans la reproduction d&rsquo;une image en asset.<\/p>\n\n\n\n<p class=\"has-text-align-left has-medium-font-size\" style=\"padding-top:0;padding-right:0;padding-bottom:0;padding-left:0;line-height:1.8\">Sp\u00e9cialis\u00e9 dans la mod\u00e9lisation et la cr\u00e9ation de paysage, elle ma\u00eetrise les diff\u00e9rentes et mat\u00e9rialise tout ce que qui est imaginairement possible.<\/p>\n<\/div>\n<\/div>\n\n\n\n<hr class=\"wp-block-separator has-text-color has-ast-global-color-4-color has-alpha-channel-opacity has-ast-global-color-4-background-color has-background is-style-wide\" style=\"margin-top:0;margin-bottom:0\"\/>\n\n\n\n<div class=\"wp-block-columns is-layout-flex wp-container-core-columns-is-layout-e0e4babd wp-block-columns-is-layout-flex\" style=\"padding-right:0;padding-left:0\">\n<div class=\"wp-block-column is-vertically-aligned-top is-layout-flow wp-block-column-is-layout-flow\" style=\"padding-top:0px;padding-bottom:0px;flex-basis:75%\">\n<h4 class=\"wp-block-heading\">Personalit\u00e9<\/h4>\n\n\n\n<p class=\"has-text-align-left\" style=\"margin-top:var(--wp--preset--spacing--50);margin-right:0;margin-bottom:var(--wp--preset--spacing--50);margin-left:0\">Louise \u00e9volue dans un environnement de travail en constante \u00e9volution. Elle utilise principalement des logiciels de mod\u00e9lisation comme Unity et Unreal Engine. Elle a obtenu un dipl\u00f4me en animation 3D.<\/p>\n<\/div>\n<\/div>\n\n\n\n<hr class=\"wp-block-separator has-text-color has-ast-global-color-4-color has-alpha-channel-opacity has-ast-global-color-4-background-color has-background is-style-wide\"\/>\n\n\n\n<div class=\"wp-block-columns alignwide is-layout-flex wp-container-core-columns-is-layout-e0e4babd wp-block-columns-is-layout-flex\" style=\"padding-right:0;padding-left:0\">\n<div class=\"wp-block-column is-vertically-aligned-top is-layout-flow wp-block-column-is-layout-flow\">\n<h4 class=\"wp-block-heading\">Salaire<\/h4>\n\n\n\n<p class=\"has-text-align-left has-medium-font-size\">Bonnes opportunit\u00e9s en jeu vid\u00e9o, cin\u00e9ma et publicit\u00e9. Avec l\u2019exp\u00e9rience, un artiste 3D peut devenir chef d\u2019\u00e9quipe ou directeur artistique.<\/p>\n\n\n\n<p class=\"has-text-align-left\" style=\"margin-top:var(--wp--preset--spacing--80);margin-right:0;margin-bottom:var(--wp--preset--spacing--80);margin-left:0\">70,000$<\/p>\n<\/div>\n<\/div>\n\n\n\n<hr class=\"wp-block-separator has-text-color has-ast-global-color-4-color has-alpha-channel-opacity has-ast-global-color-4-background-color has-background is-style-wide\"\/>\n\n\n\n<p class=\"has-text-align-center\">Principale t\u00e2ches et comp\u00e9tences<\/p>\n\n\n\n<div class=\"wp-block-columns is-layout-flex wp-container-core-columns-is-layout-28f84493 wp-block-columns-is-layout-flex\">\n<div class=\"wp-block-column is-layout-flow wp-block-column-is-layout-flow\">\n<h2 class=\"wp-block-heading has-text-align-center has-medium-font-size\" style=\"line-height:1.4\">CR\u00c9ATION D&rsquo;ASSET<\/h2>\n\n\n\n<p class=\"has-text-align-center has-small-font-size\">Reproduise une maquette \u00e0 la perfection.<\/p>\n<\/div>\n\n\n\n<div class=\"wp-block-column is-layout-flow wp-block-column-is-layout-flow\">\n<h2 class=\"wp-block-heading has-text-align-center has-medium-font-size\" style=\"line-height:1.4\">G\u00c9N\u00c9RER DES ENVIRONNEMENTS<\/h2>\n\n\n\n<p class=\"has-text-align-center has-small-font-size\">Connaissance approfondie des syst\u00e8mes de terrain.<\/p>\n<\/div>\n\n\n\n<div class=\"wp-block-column is-layout-flow wp-block-column-is-layout-flow\">\n<h2 class=\"wp-block-heading has-text-align-center has-medium-font-size\" style=\"line-height:1.4\">PROGRAMATION<\/h2>\n\n\n\n<p class=\"has-text-align-center has-small-font-size\">Code des script complexe.<\/p>\n<\/div>\n<\/div>\n\n\n\n<div style=\"height:100px\" aria-hidden=\"true\" class=\"wp-block-spacer\"><\/div>\n","protected":false},"excerpt":{"rendered":"<p>D\u00e9veloppeuse D\u00e9veloppeuse Louise est une employ\u00e9 professionnel et cr\u00e9atif. Elle travaille en tant que d\u00e9veloppeuse au sein de l\u2019entreprise, il [&hellip;]<\/p>\n","protected":false},"author":2,"featured_media":0,"parent":0,"menu_order":0,"comment_status":"closed","ping_status":"closed","template":"","meta":{"site-sidebar-layout":"default","site-content-layout":"","ast-site-content-layout":"default","site-content-style":"default","site-sidebar-style":"default","ast-global-header-display":"","ast-banner-title-visibility":"","ast-main-header-display":"","ast-hfb-above-header-display":"","ast-hfb-below-header-display":"","ast-hfb-mobile-header-display":"","site-post-title":"disabled","ast-breadcrumbs-content":"","ast-featured-img":"","footer-sml-layout":"","ast-disable-related-posts":"","theme-transparent-header-meta":"","adv-header-id-meta":"","stick-header-meta":"","header-above-stick-meta":"","header-main-stick-meta":"","header-below-stick-meta":"","astra-migrate-meta-layouts":"default","ast-page-background-enabled":"default","ast-page-background-meta":{"desktop":{"background-color":"var(--ast-global-color-5)","background-image":"","background-repeat":"repeat","background-position":"center center","background-size":"auto","background-attachment":"scroll","background-type":"","background-media":"","overlay-type":"","overlay-color":"","overlay-opacity":"","overlay-gradient":""},"tablet":{"background-color":"","background-image":"","background-repeat":"repeat","background-position":"center center","background-size":"auto","background-attachment":"scroll","background-type":"","background-media":"","overlay-type":"","overlay-color":"","overlay-opacity":"","overlay-gradient":""},"mobile":{"background-color":"","background-image":"","background-repeat":"repeat","background-position":"center center","background-size":"auto","background-attachment":"scroll","background-type":"","background-media":"","overlay-type":"","overlay-color":"","overlay-opacity":"","overlay-gradient":""}},"ast-content-background-meta":{"desktop":{"background-color":"var(--ast-global-color-4)","background-image":"","background-repeat":"repeat","background-position":"center center","background-size":"auto","background-attachment":"scroll","background-type":"","background-media":"","overlay-type":"","overlay-color":"","overlay-opacity":"","overlay-gradient":""},"tablet":{"background-color":"var(--ast-global-color-4)","background-image":"","background-repeat":"repeat","background-position":"center center","background-size":"auto","background-attachment":"scroll","background-type":"","background-media":"","overlay-type":"","overlay-color":"","overlay-opacity":"","overlay-gradient":""},"mobile":{"background-color":"var(--ast-global-color-4)","background-image":"","background-repeat":"repeat","background-position":"center center","background-size":"auto","background-attachment":"scroll","background-type":"","background-media":"","overlay-type":"","overlay-color":"","overlay-opacity":"","overlay-gradient":""}},"_themeisle_gutenberg_block_has_review":false,"footnotes":""},"class_list":["post-640","page","type-page","status-publish","hentry"],"_links":{"self":[{"href":"https:\/\/emathieu.dectim.ca\/bevv\/wp-json\/wp\/v2\/pages\/640","targetHints":{"allow":["GET"]}}],"collection":[{"href":"https:\/\/emathieu.dectim.ca\/bevv\/wp-json\/wp\/v2\/pages"}],"about":[{"href":"https:\/\/emathieu.dectim.ca\/bevv\/wp-json\/wp\/v2\/types\/page"}],"author":[{"embeddable":true,"href":"https:\/\/emathieu.dectim.ca\/bevv\/wp-json\/wp\/v2\/users\/2"}],"replies":[{"embeddable":true,"href":"https:\/\/emathieu.dectim.ca\/bevv\/wp-json\/wp\/v2\/comments?post=640"}],"version-history":[{"count":21,"href":"https:\/\/emathieu.dectim.ca\/bevv\/wp-json\/wp\/v2\/pages\/640\/revisions"}],"predecessor-version":[{"id":2131,"href":"https:\/\/emathieu.dectim.ca\/bevv\/wp-json\/wp\/v2\/pages\/640\/revisions\/2131"}],"wp:attachment":[{"href":"https:\/\/emathieu.dectim.ca\/bevv\/wp-json\/wp\/v2\/media?parent=640"}],"curies":[{"name":"wp","href":"https:\/\/api.w.org\/{rel}","templated":true}]}}