{"id":637,"date":"2026-03-15T11:36:44","date_gmt":"2026-03-15T15:36:44","guid":{"rendered":"https:\/\/emathieu.dectim.ca\/bevv\/?page_id=637"},"modified":"2026-04-27T19:10:04","modified_gmt":"2026-04-27T23:10:04","slug":"jean","status":"publish","type":"page","link":"https:\/\/emathieu.dectim.ca\/bevv\/jean\/","title":{"rendered":"Equipe Jean Maube"},"content":{"rendered":"\n<div class=\"wp-block-nk-awb nk-awb alignfull has-000000-background-color has-background\"><div class=\"nk-awb-wrap\" style=\"background:#000000\" data-awb-type=\"image\" data-awb-image-background-size=\"cover\" data-awb-image-background-position=\"50% 50%\"><div class=\"nk-awb-inner\" style=\"opacity: 0.48;\"><img loading=\"lazy\" decoding=\"async\" src=\"https:\/\/emathieu.dectim.ca\/bevv\/wp-content\/uploads\/2026\/02\/Rectangle-23-2.png\" class=\"wp-image-243 jarallax-img\" width=\"1920\" height=\"1280\" srcset=\"https:\/\/emathieu.dectim.ca\/bevv\/wp-content\/uploads\/2026\/02\/Rectangle-23-2.png 1920w, https:\/\/emathieu.dectim.ca\/bevv\/wp-content\/uploads\/2026\/02\/Rectangle-23-2-300x200.png 300w, https:\/\/emathieu.dectim.ca\/bevv\/wp-content\/uploads\/2026\/02\/Rectangle-23-2-1024x683.png 1024w, https:\/\/emathieu.dectim.ca\/bevv\/wp-content\/uploads\/2026\/02\/Rectangle-23-2-768x512.png 768w, https:\/\/emathieu.dectim.ca\/bevv\/wp-content\/uploads\/2026\/02\/Rectangle-23-2-1536x1024.png 1536w\" sizes=\"auto, (max-width: 1920px) 100vw, 1920px\" \/><\/div><\/div><div class=\"nk-awb-wrap-content is-layout-constrained wp-container-nk-awb-is-layout-1d09d83f wp-block-nk-awb-is-layout-constrained\">\n<div style=\"height:290px\" aria-hidden=\"true\" class=\"wp-block-spacer\"><\/div>\n\n\n\n<div class=\"wp-block-group is-layout-constrained wp-container-core-group-is-layout-323a0f85 wp-block-group-is-layout-constrained\" style=\"padding-right:0;padding-left:0\">\n<h3 class=\"wp-block-heading has-text-align-left has-ast-global-color-1-color has-text-color has-link-color wp-elements-11120541a60db51215bd87a9f91d836f\">Designer 3d<\/h3>\n\n\n\n<h1 class=\"wp-block-heading has-text-align-left animated fadeIn\" style=\"margin-top:var(--wp--preset--spacing--30);margin-right:0;margin-bottom:var(--wp--preset--spacing--30);margin-left:0\">Jean Maub\u00e9<\/h1>\n<\/div>\n\n\n\n<div style=\"height:290px\" aria-hidden=\"true\" class=\"wp-block-spacer\"><\/div>\n<\/div><\/div>\n\n\n\n<div class=\"wp-block-columns alignwide is-layout-flex wp-container-core-columns-is-layout-e0e4babd wp-block-columns-is-layout-flex\" style=\"padding-right:0;padding-left:0\">\n<div class=\"wp-block-column is-layout-flow wp-block-column-is-layout-flow\">\n<h2 class=\"wp-block-heading has-text-align-left\" style=\"font-size:70px\">DESIGNER 3D<\/h2>\n<\/div>\n<\/div>\n\n\n\n<hr class=\"wp-block-separator has-text-color has-ast-global-color-4-color has-alpha-channel-opacity has-ast-global-color-4-background-color has-background is-style-wide\" style=\"margin-top:0;margin-bottom:0\"\/>\n\n\n\n<div class=\"wp-block-columns alignwide is-layout-flex wp-container-core-columns-is-layout-e0e4babd wp-block-columns-is-layout-flex\" style=\"padding-right:0;padding-left:0\">\n<div class=\"wp-block-column is-layout-flow wp-block-column-is-layout-flow\" style=\"flex-basis:75%\">\n<h4 class=\"wp-block-heading\"><strong>Artiste 3D<\/strong><\/h4>\n\n\n\n<p class=\"has-text-align-left\">Jean est un employ\u00e9 professionnel et cr\u00e9atif. Il travaille en tant qu&rsquo;artiste 3D au sein de l\u2019entreprise, il se distingue par sa capacit\u00e9 \u00e0 transformer des id\u00e9es abstraites en v\u00e9ritable chef-d&rsquo;oeuvre.<\/p>\n\n\n\n<p class=\"has-text-align-left has-medium-font-size\" style=\"padding-top:0;padding-right:0;padding-bottom:0;padding-left:0;line-height:1.8\">Sp\u00e9cialis\u00e9 dans la mod\u00e9lisation, le texturing et le rendu, il ma\u00eetrise les diff\u00e9rentes \u00e9tapes de production, de la conception initiale jusqu\u2019au produit final.<\/p>\n<\/div>\n<\/div>\n\n\n\n<hr class=\"wp-block-separator has-text-color has-ast-global-color-4-color has-alpha-channel-opacity has-ast-global-color-4-background-color has-background is-style-wide\" style=\"margin-top:0;margin-bottom:0\"\/>\n\n\n\n<div class=\"wp-block-columns is-layout-flex wp-container-core-columns-is-layout-e0e4babd wp-block-columns-is-layout-flex\" style=\"padding-right:0;padding-left:0\">\n<div class=\"wp-block-column is-vertically-aligned-top is-layout-flow wp-block-column-is-layout-flow\" style=\"padding-top:0px;padding-bottom:0px;flex-basis:75%\">\n<h4 class=\"wp-block-heading\">Personalit\u00e9<\/h4>\n\n\n\n<p class=\"has-text-align-left\" style=\"margin-top:var(--wp--preset--spacing--50);margin-right:0;margin-bottom:var(--wp--preset--spacing--50);margin-left:0\">Jean \u00e9volue dans un environnement de travail cr\u00e9atif et technologique. Il utilise principalement des logiciels de mod\u00e9lisation et de rendu 3D comme Blender, Autodesk Maya et Adobe Substance 3D Painter. Il a obtenu un dipl\u00f4me en animation 3D, en arts num\u00e9riques, en design graphique. Il est g\u00e9n\u00e9ralement recommand\u00e9 d&rsquo;avoir un DEC au minimum pour avoir un poste).<\/p>\n<\/div>\n<\/div>\n\n\n\n<hr class=\"wp-block-separator has-text-color has-ast-global-color-4-color has-alpha-channel-opacity has-ast-global-color-4-background-color has-background is-style-wide\"\/>\n\n\n\n<div class=\"wp-block-columns alignwide is-layout-flex wp-container-core-columns-is-layout-e0e4babd wp-block-columns-is-layout-flex\" style=\"padding-right:0;padding-left:0\">\n<div class=\"wp-block-column is-vertically-aligned-top is-layout-flow wp-block-column-is-layout-flow\">\n<h4 class=\"wp-block-heading\">Salaire<\/h4>\n\n\n\n<p class=\"has-text-align-left has-medium-font-size\">Bonnes opportunit\u00e9s en jeu vid\u00e9o, cin\u00e9ma et publicit\u00e9. Avec l\u2019exp\u00e9rience, un artiste 3D peut devenir chef d\u2019\u00e9quipe ou directeur artistique.<\/p>\n\n\n\n<p class=\"has-text-align-left\" style=\"margin-top:var(--wp--preset--spacing--80);margin-right:0;margin-bottom:var(--wp--preset--spacing--80);margin-left:0\">55,000$<\/p>\n<\/div>\n<\/div>\n\n\n\n<hr class=\"wp-block-separator has-text-color has-ast-global-color-4-color has-alpha-channel-opacity has-ast-global-color-4-background-color has-background is-style-wide\"\/>\n\n\n\n<div style=\"height:40px\" aria-hidden=\"true\" class=\"wp-block-spacer\"><\/div>\n\n\n\n<h4 class=\"wp-block-heading has-text-align-center\">Principale t\u00e2ches et comp\u00e9tences<\/h4>\n\n\n\n<div class=\"wp-block-columns is-layout-flex wp-container-core-columns-is-layout-28f84493 wp-block-columns-is-layout-flex\" style=\"line-height:0.7\">\n<div class=\"wp-block-column is-layout-flow wp-block-column-is-layout-flow\" style=\"line-height:0\">\n<h2 class=\"wp-block-heading has-text-align-center has-medium-font-size\" style=\"line-height:1.4\">TEXTURING<\/h2>\n\n\n\n<p class=\"has-text-align-center has-small-font-size\">Innovateur<\/p>\n<\/div>\n\n\n\n<div class=\"wp-block-column is-layout-flow wp-block-column-is-layout-flow\">\n<h2 class=\"wp-block-heading has-text-align-center has-medium-font-size\" style=\"line-height:1.4\">RENDERING<\/h2>\n\n\n\n<p class=\"has-text-align-center has-small-font-size\">Professionnel<\/p>\n<\/div>\n\n\n\n<div class=\"wp-block-column is-layout-flow wp-block-column-is-layout-flow\">\n<h2 class=\"wp-block-heading has-text-align-center has-medium-font-size\" style=\"line-height:1.4\">MOD\u00c9LISATION<\/h2>\n\n\n\n<p class=\"has-text-align-center has-small-font-size\">Cr\u00e9atif<\/p>\n<\/div>\n<\/div>\n\n\n\n<h4 class=\"wp-block-heading has-text-align-center\" style=\"margin-top:var(--wp--preset--spacing--50);margin-right:0;margin-bottom:var(--wp--preset--spacing--50);margin-left:0\">Les logiciels utilis\u00e9s<\/h4>\n\n\n\n<div style=\"height:52px\" aria-hidden=\"true\" class=\"wp-block-spacer\"><\/div>\n\n\n\n<div class=\"wp-block-columns is-layout-flex wp-container-core-columns-is-layout-720cb129 wp-block-columns-is-layout-flex\" style=\"padding-top:0;padding-right:var(--wp--preset--spacing--80);padding-bottom:0;padding-left:var(--wp--preset--spacing--80)\">\n<div class=\"wp-block-column is-layout-flow wp-block-column-is-layout-flow\" style=\"padding-right:var(--wp--preset--spacing--80);padding-left:var(--wp--preset--spacing--80)\">\n<figure class=\"wp-block-image aligncenter size-full is-resized\"><img loading=\"lazy\" decoding=\"async\" width=\"1002\" height=\"300\" src=\"https:\/\/emathieu.dectim.ca\/bevv\/wp-content\/uploads\/2026\/04\/Frame-48.png\" alt=\"\" class=\"wp-image-1549\" style=\"aspect-ratio:3.3402726872892536;width:283px;height:auto\" srcset=\"https:\/\/emathieu.dectim.ca\/bevv\/wp-content\/uploads\/2026\/04\/Frame-48.png 1002w, https:\/\/emathieu.dectim.ca\/bevv\/wp-content\/uploads\/2026\/04\/Frame-48-300x90.png 300w, https:\/\/emathieu.dectim.ca\/bevv\/wp-content\/uploads\/2026\/04\/Frame-48-768x230.png 768w, https:\/\/emathieu.dectim.ca\/bevv\/wp-content\/uploads\/2026\/04\/Frame-48-500x150.png 500w, https:\/\/emathieu.dectim.ca\/bevv\/wp-content\/uploads\/2026\/04\/Frame-48-800x240.png 800w\" sizes=\"auto, (max-width: 1002px) 100vw, 1002px\" \/><\/figure>\n<\/div>\n<\/div>\n\n\n\n<div style=\"height:100px\" aria-hidden=\"true\" class=\"wp-block-spacer\"><\/div>\n","protected":false},"excerpt":{"rendered":"<p>DESIGNER 3D Artiste 3D Jean est un employ\u00e9 professionnel et cr\u00e9atif. Il travaille en tant qu&rsquo;artiste 3D au sein de [&hellip;]<\/p>\n","protected":false},"author":2,"featured_media":0,"parent":0,"menu_order":0,"comment_status":"closed","ping_status":"closed","template":"","meta":{"site-sidebar-layout":"default","site-content-layout":"","ast-site-content-layout":"default","site-content-style":"default","site-sidebar-style":"default","ast-global-header-display":"","ast-banner-title-visibility":"","ast-main-header-display":"","ast-hfb-above-header-display":"","ast-hfb-below-header-display":"","ast-hfb-mobile-header-display":"","site-post-title":"disabled","ast-breadcrumbs-content":"","ast-featured-img":"","footer-sml-layout":"","ast-disable-related-posts":"","theme-transparent-header-meta":"","adv-header-id-meta":"","stick-header-meta":"","header-above-stick-meta":"","header-main-stick-meta":"","header-below-stick-meta":"","astra-migrate-meta-layouts":"default","ast-page-background-enabled":"default","ast-page-background-meta":{"desktop":{"background-color":"var(--ast-global-color-5)","background-image":"","background-repeat":"repeat","background-position":"center center","background-size":"auto","background-attachment":"scroll","background-type":"","background-media":"","overlay-type":"","overlay-color":"","overlay-opacity":"","overlay-gradient":""},"tablet":{"background-color":"","background-image":"","background-repeat":"repeat","background-position":"center center","background-size":"auto","background-attachment":"scroll","background-type":"","background-media":"","overlay-type":"","overlay-color":"","overlay-opacity":"","overlay-gradient":""},"mobile":{"background-color":"","background-image":"","background-repeat":"repeat","background-position":"center center","background-size":"auto","background-attachment":"scroll","background-type":"","background-media":"","overlay-type":"","overlay-color":"","overlay-opacity":"","overlay-gradient":""}},"ast-content-background-meta":{"desktop":{"background-color":"var(--ast-global-color-4)","background-image":"","background-repeat":"repeat","background-position":"center center","background-size":"auto","background-attachment":"scroll","background-type":"","background-media":"","overlay-type":"","overlay-color":"","overlay-opacity":"","overlay-gradient":""},"tablet":{"background-color":"var(--ast-global-color-4)","background-image":"","background-repeat":"repeat","background-position":"center center","background-size":"auto","background-attachment":"scroll","background-type":"","background-media":"","overlay-type":"","overlay-color":"","overlay-opacity":"","overlay-gradient":""},"mobile":{"background-color":"var(--ast-global-color-4)","background-image":"","background-repeat":"repeat","background-position":"center center","background-size":"auto","background-attachment":"scroll","background-type":"","background-media":"","overlay-type":"","overlay-color":"","overlay-opacity":"","overlay-gradient":""}},"_themeisle_gutenberg_block_has_review":false,"footnotes":""},"class_list":["post-637","page","type-page","status-publish","hentry"],"_links":{"self":[{"href":"https:\/\/emathieu.dectim.ca\/bevv\/wp-json\/wp\/v2\/pages\/637","targetHints":{"allow":["GET"]}}],"collection":[{"href":"https:\/\/emathieu.dectim.ca\/bevv\/wp-json\/wp\/v2\/pages"}],"about":[{"href":"https:\/\/emathieu.dectim.ca\/bevv\/wp-json\/wp\/v2\/types\/page"}],"author":[{"embeddable":true,"href":"https:\/\/emathieu.dectim.ca\/bevv\/wp-json\/wp\/v2\/users\/2"}],"replies":[{"embeddable":true,"href":"https:\/\/emathieu.dectim.ca\/bevv\/wp-json\/wp\/v2\/comments?post=637"}],"version-history":[{"count":56,"href":"https:\/\/emathieu.dectim.ca\/bevv\/wp-json\/wp\/v2\/pages\/637\/revisions"}],"predecessor-version":[{"id":2129,"href":"https:\/\/emathieu.dectim.ca\/bevv\/wp-json\/wp\/v2\/pages\/637\/revisions\/2129"}],"wp:attachment":[{"href":"https:\/\/emathieu.dectim.ca\/bevv\/wp-json\/wp\/v2\/media?parent=637"}],"curies":[{"name":"wp","href":"https:\/\/api.w.org\/{rel}","templated":true}]}}