{"id":426,"date":"2026-02-28T16:30:02","date_gmt":"2026-02-28T21:30:02","guid":{"rendered":"https:\/\/emathieu.dectim.ca\/bevv\/?page_id=426"},"modified":"2026-04-28T15:38:51","modified_gmt":"2026-04-28T19:38:51","slug":"portfolio-hij","status":"publish","type":"page","link":"https:\/\/emathieu.dectim.ca\/bevv\/portfolio-hij\/","title":{"rendered":"Portfolio Hij"},"content":{"rendered":"\n<div class=\"wp-block-nk-awb nk-awb alignfull has-000000-background-color has-background\"><div class=\"nk-awb-wrap\" style=\"background:#000000\" data-awb-type=\"yt_vm_video\" data-awb-video=\"https:\/\/youtu.be\/H-VLJ3-BK5E\" data-awb-video-mobile=\"false\"><div class=\"nk-awb-inner\" style=\"opacity: 0.48;\"><\/div><\/div><div class=\"nk-awb-wrap-content is-layout-constrained wp-container-nk-awb-is-layout-1d09d83f wp-block-nk-awb-is-layout-constrained\">\n<div style=\"height:290px\" aria-hidden=\"true\" class=\"wp-block-spacer\"><\/div>\n\n\n\n<div class=\"wp-block-group is-layout-constrained wp-container-core-group-is-layout-323a0f85 wp-block-group-is-layout-constrained\" style=\"padding-right:0;padding-left:0\">\n<h3 class=\"wp-block-heading has-text-align-left has-ast-global-color-1-color has-text-color has-link-color wp-elements-b3b23e95927923b95e668888cf5c94ef\">Motion design<\/h3>\n\n\n\n<h1 class=\"wp-block-heading has-text-align-left\" style=\"margin-top:var(--wp--preset--spacing--30);margin-right:0;margin-bottom:var(--wp--preset--spacing--30);margin-left:0\">Google Doodle<\/h1>\n<\/div>\n\n\n\n<div style=\"height:290px\" aria-hidden=\"true\" class=\"wp-block-spacer\"><\/div>\n<\/div><\/div>\n\n\n\n<div class=\"wp-block-columns animated fadeIn o-anim-offset-o-anim-offset-0px is-layout-flex wp-container-core-columns-is-layout-28f84493 wp-block-columns-is-layout-flex\">\n<div class=\"wp-block-column is-vertically-aligned-center is-content-justification-left is-layout-constrained wp-container-core-column-is-layout-12011195 wp-block-column-is-layout-constrained\" style=\"padding-top:var(--wp--preset--spacing--60);padding-right:0;padding-bottom:var(--wp--preset--spacing--60);padding-left:0\">\n<h2 class=\"wp-block-heading has-text-align-left\" style=\"padding-top:var(--wp--preset--spacing--50);padding-bottom:var(--wp--preset--spacing--50);font-size:47px\">CONTEXTE DU PROJET<\/h2>\n\n\n\n<p class=\"has-text-align-left\">Ce projet consiste en la cr\u00e9ation d\u2019une animation des Google Doodles dans After Effect, r\u00e9alis\u00e9e \u00e0 l\u2019occasion de la c\u00e9l\u00e9bration d\u2019un \u00e9v\u00e9nement particulier (Star Wars). Il s\u2019inscrit dans une d\u00e9marche cr\u00e9ative visant \u00e0 mettre en valeur cet \u00e9v\u00e9nement \u00e0 travers une animation visuelle ludique<\/p>\n<\/div>\n\n\n\n<div class=\"wp-block-column is-layout-flow wp-block-column-is-layout-flow\"><\/div>\n<\/div>\n\n\n\n<hr class=\"wp-block-separator has-text-color has-ast-global-color-4-color has-alpha-channel-opacity has-ast-global-color-4-background-color has-background is-style-wide\"\/>\n\n\n\n<h2 class=\"wp-block-heading has-text-align-left\" style=\"margin-top:var(--wp--preset--spacing--60);margin-bottom:var(--wp--preset--spacing--60)\">\u00c9tape de r\u00e9alisation :<\/h2>\n\n\n\n<div class=\"wp-block-columns animated fadeIn o-anim-offset-50px is-layout-flex wp-container-core-columns-is-layout-28f84493 wp-block-columns-is-layout-flex\">\n<div class=\"wp-block-column is-layout-flow wp-block-column-is-layout-flow\">\n<figure class=\"wp-block-image alignfull size-large\"><img loading=\"lazy\" decoding=\"async\" width=\"1024\" height=\"527\" src=\"https:\/\/emathieu.dectim.ca\/bevv\/wp-content\/uploads\/2026\/04\/Adobe-After-Effects-2025-TP3-convertis.aep-_-2026-03-23-16_01_56-1024x527.png\" alt=\"\" class=\"wp-image-1308\" srcset=\"https:\/\/emathieu.dectim.ca\/bevv\/wp-content\/uploads\/2026\/04\/Adobe-After-Effects-2025-TP3-convertis.aep-_-2026-03-23-16_01_56-1024x527.png 1024w, https:\/\/emathieu.dectim.ca\/bevv\/wp-content\/uploads\/2026\/04\/Adobe-After-Effects-2025-TP3-convertis.aep-_-2026-03-23-16_01_56-300x155.png 300w, https:\/\/emathieu.dectim.ca\/bevv\/wp-content\/uploads\/2026\/04\/Adobe-After-Effects-2025-TP3-convertis.aep-_-2026-03-23-16_01_56-768x396.png 768w, https:\/\/emathieu.dectim.ca\/bevv\/wp-content\/uploads\/2026\/04\/Adobe-After-Effects-2025-TP3-convertis.aep-_-2026-03-23-16_01_56-1536x791.png 1536w, https:\/\/emathieu.dectim.ca\/bevv\/wp-content\/uploads\/2026\/04\/Adobe-After-Effects-2025-TP3-convertis.aep-_-2026-03-23-16_01_56-500x258.png 500w, https:\/\/emathieu.dectim.ca\/bevv\/wp-content\/uploads\/2026\/04\/Adobe-After-Effects-2025-TP3-convertis.aep-_-2026-03-23-16_01_56-800x412.png 800w, https:\/\/emathieu.dectim.ca\/bevv\/wp-content\/uploads\/2026\/04\/Adobe-After-Effects-2025-TP3-convertis.aep-_-2026-03-23-16_01_56-1280x659.png 1280w, https:\/\/emathieu.dectim.ca\/bevv\/wp-content\/uploads\/2026\/04\/Adobe-After-Effects-2025-TP3-convertis.aep-_-2026-03-23-16_01_56.png 1920w\" sizes=\"auto, (max-width: 1024px) 100vw, 1024px\" \/><\/figure>\n<\/div>\n\n\n\n<div class=\"wp-block-column is-vertically-aligned-center is-content-justification-left is-layout-constrained wp-container-core-column-is-layout-410e6805 wp-block-column-is-layout-constrained\" style=\"padding-top:0;padding-right:0;padding-bottom:0;padding-left:0\">\n<h2 class=\"wp-block-heading has-text-align-left\" style=\"padding-top:0;padding-bottom:0;font-size:47px\">1- Modifier le l&rsquo;effet <em>Saber<\/em><\/h2>\n\n\n\n<p class=\"has-text-align-left\">Tout d&rsquo;abord, je souhaite exprimer l&rsquo;effet de Saber  la composition de sabre laser.<\/p>\n<\/div>\n<\/div>\n\n\n\n<div class=\"wp-block-columns animated fadeIn o-anim-offset-50px is-layout-flex wp-container-core-columns-is-layout-28f84493 wp-block-columns-is-layout-flex\">\n<div class=\"wp-block-column is-vertically-aligned-center is-layout-flow wp-block-column-is-layout-flow\">\n<h2 class=\"wp-block-heading has-text-align-left\" style=\"padding-top:var(--wp--preset--spacing--50);padding-bottom:var(--wp--preset--spacing--50);font-size:47px\">2- recherche les fonts<\/h2>\n\n\n\n<p class=\"has-text-align-left\">Dans le cadre de ce projet, je cherche \u00e0 trouver une police inspir\u00e9e de l&rsquo;univers de <em>Star Wars<\/em> en utilisant Google Fonts et Dafont.<\/p>\n<\/div>\n\n\n\n<div class=\"wp-block-column is-vertically-aligned-center is-content-justification-left is-layout-constrained wp-container-core-column-is-layout-12011195 wp-block-column-is-layout-constrained\" style=\"padding-top:var(--wp--preset--spacing--60);padding-right:0;padding-bottom:var(--wp--preset--spacing--60);padding-left:0\">\n<figure class=\"wp-block-image size-full has-custom-border\"><img loading=\"lazy\" decoding=\"async\" width=\"1920\" height=\"989\" src=\"https:\/\/emathieu.dectim.ca\/bevv\/wp-content\/uploads\/2026\/04\/Adobe-After-Effects-2025-TP3-convertis.aep-_-2026-03-23-16_02_26-1.png\" alt=\"\" class=\"wp-image-1309\" style=\"border-top-left-radius:0px;border-top-right-radius:0px;border-bottom-left-radius:0px;border-bottom-right-radius:0px;aspect-ratio:1.5066056353090496\" srcset=\"https:\/\/emathieu.dectim.ca\/bevv\/wp-content\/uploads\/2026\/04\/Adobe-After-Effects-2025-TP3-convertis.aep-_-2026-03-23-16_02_26-1.png 1920w, https:\/\/emathieu.dectim.ca\/bevv\/wp-content\/uploads\/2026\/04\/Adobe-After-Effects-2025-TP3-convertis.aep-_-2026-03-23-16_02_26-1-300x155.png 300w, https:\/\/emathieu.dectim.ca\/bevv\/wp-content\/uploads\/2026\/04\/Adobe-After-Effects-2025-TP3-convertis.aep-_-2026-03-23-16_02_26-1-1024x527.png 1024w, https:\/\/emathieu.dectim.ca\/bevv\/wp-content\/uploads\/2026\/04\/Adobe-After-Effects-2025-TP3-convertis.aep-_-2026-03-23-16_02_26-1-768x396.png 768w, https:\/\/emathieu.dectim.ca\/bevv\/wp-content\/uploads\/2026\/04\/Adobe-After-Effects-2025-TP3-convertis.aep-_-2026-03-23-16_02_26-1-1536x791.png 1536w, https:\/\/emathieu.dectim.ca\/bevv\/wp-content\/uploads\/2026\/04\/Adobe-After-Effects-2025-TP3-convertis.aep-_-2026-03-23-16_02_26-1-500x258.png 500w, https:\/\/emathieu.dectim.ca\/bevv\/wp-content\/uploads\/2026\/04\/Adobe-After-Effects-2025-TP3-convertis.aep-_-2026-03-23-16_02_26-1-800x412.png 800w, https:\/\/emathieu.dectim.ca\/bevv\/wp-content\/uploads\/2026\/04\/Adobe-After-Effects-2025-TP3-convertis.aep-_-2026-03-23-16_02_26-1-1280x659.png 1280w\" sizes=\"auto, (max-width: 1920px) 100vw, 1920px\" \/><\/figure>\n<\/div>\n<\/div>\n\n\n\n<div class=\"wp-block-columns animated fadeIn o-anim-offset-50px is-layout-flex wp-container-core-columns-is-layout-28f84493 wp-block-columns-is-layout-flex\">\n<div class=\"wp-block-column is-layout-flow wp-block-column-is-layout-flow\">\n<figure class=\"wp-block-image size-full\"><img loading=\"lazy\" decoding=\"async\" width=\"1920\" height=\"989\" src=\"https:\/\/emathieu.dectim.ca\/bevv\/wp-content\/uploads\/2026\/04\/Adobe-After-Effects-2025-TP3-convertis.aep-_-2026-03-23-16_03_23.png\" alt=\"\" class=\"wp-image-1310\" srcset=\"https:\/\/emathieu.dectim.ca\/bevv\/wp-content\/uploads\/2026\/04\/Adobe-After-Effects-2025-TP3-convertis.aep-_-2026-03-23-16_03_23.png 1920w, https:\/\/emathieu.dectim.ca\/bevv\/wp-content\/uploads\/2026\/04\/Adobe-After-Effects-2025-TP3-convertis.aep-_-2026-03-23-16_03_23-300x155.png 300w, https:\/\/emathieu.dectim.ca\/bevv\/wp-content\/uploads\/2026\/04\/Adobe-After-Effects-2025-TP3-convertis.aep-_-2026-03-23-16_03_23-1024x527.png 1024w, https:\/\/emathieu.dectim.ca\/bevv\/wp-content\/uploads\/2026\/04\/Adobe-After-Effects-2025-TP3-convertis.aep-_-2026-03-23-16_03_23-768x396.png 768w, https:\/\/emathieu.dectim.ca\/bevv\/wp-content\/uploads\/2026\/04\/Adobe-After-Effects-2025-TP3-convertis.aep-_-2026-03-23-16_03_23-1536x791.png 1536w, https:\/\/emathieu.dectim.ca\/bevv\/wp-content\/uploads\/2026\/04\/Adobe-After-Effects-2025-TP3-convertis.aep-_-2026-03-23-16_03_23-500x258.png 500w, https:\/\/emathieu.dectim.ca\/bevv\/wp-content\/uploads\/2026\/04\/Adobe-After-Effects-2025-TP3-convertis.aep-_-2026-03-23-16_03_23-800x412.png 800w, https:\/\/emathieu.dectim.ca\/bevv\/wp-content\/uploads\/2026\/04\/Adobe-After-Effects-2025-TP3-convertis.aep-_-2026-03-23-16_03_23-1280x659.png 1280w\" sizes=\"auto, (max-width: 1920px) 100vw, 1920px\" \/><\/figure>\n<\/div>\n\n\n\n<div class=\"wp-block-column is-vertically-aligned-center is-content-justification-left is-layout-constrained wp-container-core-column-is-layout-12011195 wp-block-column-is-layout-constrained\" style=\"padding-top:var(--wp--preset--spacing--60);padding-right:0;padding-bottom:var(--wp--preset--spacing--60);padding-left:0\">\n<h2 class=\"wp-block-heading has-text-align-left\" style=\"padding-top:var(--wp--preset--spacing--50);padding-bottom:var(--wp--preset--spacing--50);font-size:47px\">3- Recherche des sons<\/h2>\n\n\n\n<p class=\"has-text-align-left\">Par la suite, je m&rsquo;attache \u00e0 rechercher des effets sonores de sabre laser et d&rsquo;explosion<\/p>\n<\/div>\n<\/div>\n\n\n\n<div class=\"wp-block-columns animated fadeIn o-anim-offset-50px is-layout-flex wp-container-core-columns-is-layout-28f84493 wp-block-columns-is-layout-flex\">\n<div class=\"wp-block-column is-vertically-aligned-center is-layout-flow wp-block-column-is-layout-flow\">\n<h2 class=\"wp-block-heading has-text-align-left\" style=\"padding-top:var(--wp--preset--spacing--50);padding-bottom:var(--wp--preset--spacing--50);font-size:47px\">4- Anim\u00e9e les effect en 3D<\/h2>\n\n\n\n<p class=\"has-text-align-left\">Enfin, je r\u00e9alise l&rsquo;animation compl\u00e8te en transformant le sabre laser de 2D \u00e0 3D<\/p>\n<\/div>\n\n\n\n<div class=\"wp-block-column is-vertically-aligned-center is-content-justification-left is-layout-constrained wp-container-core-column-is-layout-12011195 wp-block-column-is-layout-constrained\" style=\"padding-top:var(--wp--preset--spacing--60);padding-right:0;padding-bottom:var(--wp--preset--spacing--60);padding-left:0\">\n<figure class=\"wp-block-image size-full has-custom-border\"><img loading=\"lazy\" decoding=\"async\" width=\"1920\" height=\"989\" src=\"https:\/\/emathieu.dectim.ca\/bevv\/wp-content\/uploads\/2026\/04\/Adobe-After-Effects-2025-TP3-convertis.aep-_-2026-03-23-16_03_54.png\" alt=\"\" class=\"wp-image-1311\" style=\"border-top-left-radius:0px;border-top-right-radius:0px;border-bottom-left-radius:0px;border-bottom-right-radius:0px;aspect-ratio:1.5066056353090496\" srcset=\"https:\/\/emathieu.dectim.ca\/bevv\/wp-content\/uploads\/2026\/04\/Adobe-After-Effects-2025-TP3-convertis.aep-_-2026-03-23-16_03_54.png 1920w, https:\/\/emathieu.dectim.ca\/bevv\/wp-content\/uploads\/2026\/04\/Adobe-After-Effects-2025-TP3-convertis.aep-_-2026-03-23-16_03_54-300x155.png 300w, https:\/\/emathieu.dectim.ca\/bevv\/wp-content\/uploads\/2026\/04\/Adobe-After-Effects-2025-TP3-convertis.aep-_-2026-03-23-16_03_54-1024x527.png 1024w, https:\/\/emathieu.dectim.ca\/bevv\/wp-content\/uploads\/2026\/04\/Adobe-After-Effects-2025-TP3-convertis.aep-_-2026-03-23-16_03_54-768x396.png 768w, https:\/\/emathieu.dectim.ca\/bevv\/wp-content\/uploads\/2026\/04\/Adobe-After-Effects-2025-TP3-convertis.aep-_-2026-03-23-16_03_54-1536x791.png 1536w, https:\/\/emathieu.dectim.ca\/bevv\/wp-content\/uploads\/2026\/04\/Adobe-After-Effects-2025-TP3-convertis.aep-_-2026-03-23-16_03_54-500x258.png 500w, https:\/\/emathieu.dectim.ca\/bevv\/wp-content\/uploads\/2026\/04\/Adobe-After-Effects-2025-TP3-convertis.aep-_-2026-03-23-16_03_54-800x412.png 800w, https:\/\/emathieu.dectim.ca\/bevv\/wp-content\/uploads\/2026\/04\/Adobe-After-Effects-2025-TP3-convertis.aep-_-2026-03-23-16_03_54-1280x659.png 1280w\" sizes=\"auto, (max-width: 1920px) 100vw, 1920px\" \/><\/figure>\n<\/div>\n<\/div>\n\n\n\n<div class=\"wp-block-columns is-layout-flex wp-container-core-columns-is-layout-e0e4babd wp-block-columns-is-layout-flex\" style=\"padding-right:0;padding-left:0\">\n<div class=\"wp-block-column is-vertically-aligned-center is-content-justification-left is-layout-constrained wp-container-core-column-is-layout-12011195 wp-block-column-is-layout-constrained\" style=\"padding-top:var(--wp--preset--spacing--60);padding-right:0;padding-bottom:var(--wp--preset--spacing--60);padding-left:0\">\n<h2 class=\"wp-block-heading\" style=\"padding-top:var(--wp--preset--spacing--50);padding-bottom:var(--wp--preset--spacing--50);font-size:47px\">Rendu final<\/h2>\n<\/div>\n\n\n\n<div class=\"wp-block-column is-vertically-aligned-center is-content-justification-left is-layout-constrained wp-container-core-column-is-layout-12011195 wp-block-column-is-layout-constrained\" style=\"padding-top:var(--wp--preset--spacing--60);padding-right:0;padding-bottom:var(--wp--preset--spacing--60);padding-left:0\">\n<figure class=\"wp-block-embed is-type-video is-provider-youtube wp-block-embed-youtube wp-embed-aspect-16-9 wp-has-aspect-ratio\"><div class=\"wp-block-embed__wrapper\">\n<iframe loading=\"lazy\" title=\"Google Doodle Projet\" width=\"500\" height=\"281\" src=\"https:\/\/www.youtube.com\/embed\/H-VLJ3-BK5E?feature=oembed\" frameborder=\"0\" allow=\"accelerometer; autoplay; clipboard-write; encrypted-media; gyroscope; picture-in-picture; web-share\" referrerpolicy=\"strict-origin-when-cross-origin\" allowfullscreen><\/iframe>\n<\/div><\/figure>\n<\/div>\n<\/div>\n\n\n\n<div class=\"wp-block-columns is-layout-flex wp-container-core-columns-is-layout-e0e4babd wp-block-columns-is-layout-flex\" style=\"padding-right:0;padding-left:0\">\n<div class=\"wp-block-column is-layout-flow wp-block-column-is-layout-flow\"><\/div>\n\n\n\n<div class=\"wp-block-column is-vertically-aligned-center is-content-justification-left is-layout-constrained wp-container-core-column-is-layout-12011195 wp-block-column-is-layout-constrained\" style=\"padding-top:var(--wp--preset--spacing--60);padding-right:0;padding-bottom:var(--wp--preset--spacing--60);padding-left:0\">\n<h2 class=\"wp-block-heading\" style=\"padding-top:var(--wp--preset--spacing--50);padding-bottom:var(--wp--preset--spacing--50);font-size:47px\">Cr\u00e9dit du projet<\/h2>\n\n\n\n<p>Tous les droits sont attribu\u00e9e \u00e0 l&rsquo;auteur<\/p>\n<\/div>\n<\/div>\n\n\n\n<div style=\"height:100px\" aria-hidden=\"true\" class=\"wp-block-spacer\"><\/div>\n","protected":false},"excerpt":{"rendered":"<p>CONTEXTE DU PROJET Ce projet consiste en la cr\u00e9ation d\u2019une animation des Google Doodles dans After Effect, r\u00e9alis\u00e9e \u00e0 l\u2019occasion [&hellip;]<\/p>\n","protected":false},"author":2,"featured_media":0,"parent":0,"menu_order":0,"comment_status":"closed","ping_status":"closed","template":"","meta":{"site-sidebar-layout":"default","site-content-layout":"","ast-site-content-layout":"default","site-content-style":"default","site-sidebar-style":"default","ast-global-header-display":"","ast-banner-title-visibility":"","ast-main-header-display":"","ast-hfb-above-header-display":"","ast-hfb-below-header-display":"","ast-hfb-mobile-header-display":"","site-post-title":"disabled","ast-breadcrumbs-content":"","ast-featured-img":"","footer-sml-layout":"","ast-disable-related-posts":"","theme-transparent-header-meta":"","adv-header-id-meta":"","stick-header-meta":"","header-above-stick-meta":"","header-main-stick-meta":"","header-below-stick-meta":"","astra-migrate-meta-layouts":"default","ast-page-background-enabled":"default","ast-page-background-meta":{"desktop":{"background-color":"var(--ast-global-color-5)","background-image":"","background-repeat":"repeat","background-position":"center center","background-size":"auto","background-attachment":"scroll","background-type":"","background-media":"","overlay-type":"","overlay-color":"","overlay-opacity":"","overlay-gradient":""},"tablet":{"background-color":"","background-image":"","background-repeat":"repeat","background-position":"center center","background-size":"auto","background-attachment":"scroll","background-type":"","background-media":"","overlay-type":"","overlay-color":"","overlay-opacity":"","overlay-gradient":""},"mobile":{"background-color":"","background-image":"","background-repeat":"repeat","background-position":"center center","background-size":"auto","background-attachment":"scroll","background-type":"","background-media":"","overlay-type":"","overlay-color":"","overlay-opacity":"","overlay-gradient":""}},"ast-content-background-meta":{"desktop":{"background-color":"var(--ast-global-color-4)","background-image":"","background-repeat":"repeat","background-position":"center center","background-size":"auto","background-attachment":"scroll","background-type":"","background-media":"","overlay-type":"","overlay-color":"","overlay-opacity":"","overlay-gradient":""},"tablet":{"background-color":"var(--ast-global-color-4)","background-image":"","background-repeat":"repeat","background-position":"center center","background-size":"auto","background-attachment":"scroll","background-type":"","background-media":"","overlay-type":"","overlay-color":"","overlay-opacity":"","overlay-gradient":""},"mobile":{"background-color":"var(--ast-global-color-4)","background-image":"","background-repeat":"repeat","background-position":"center center","background-size":"auto","background-attachment":"scroll","background-type":"","background-media":"","overlay-type":"","overlay-color":"","overlay-opacity":"","overlay-gradient":""}},"_themeisle_gutenberg_block_has_review":false,"footnotes":""},"class_list":["post-426","page","type-page","status-publish","hentry"],"_links":{"self":[{"href":"https:\/\/emathieu.dectim.ca\/bevv\/wp-json\/wp\/v2\/pages\/426","targetHints":{"allow":["GET"]}}],"collection":[{"href":"https:\/\/emathieu.dectim.ca\/bevv\/wp-json\/wp\/v2\/pages"}],"about":[{"href":"https:\/\/emathieu.dectim.ca\/bevv\/wp-json\/wp\/v2\/types\/page"}],"author":[{"embeddable":true,"href":"https:\/\/emathieu.dectim.ca\/bevv\/wp-json\/wp\/v2\/users\/2"}],"replies":[{"embeddable":true,"href":"https:\/\/emathieu.dectim.ca\/bevv\/wp-json\/wp\/v2\/comments?post=426"}],"version-history":[{"count":51,"href":"https:\/\/emathieu.dectim.ca\/bevv\/wp-json\/wp\/v2\/pages\/426\/revisions"}],"predecessor-version":[{"id":2538,"href":"https:\/\/emathieu.dectim.ca\/bevv\/wp-json\/wp\/v2\/pages\/426\/revisions\/2538"}],"wp:attachment":[{"href":"https:\/\/emathieu.dectim.ca\/bevv\/wp-json\/wp\/v2\/media?parent=426"}],"curies":[{"name":"wp","href":"https:\/\/api.w.org\/{rel}","templated":true}]}}