{"id":360,"date":"2026-02-24T15:50:28","date_gmt":"2026-02-24T20:50:28","guid":{"rendered":"https:\/\/emathieu.dectim.ca\/bevv\/?page_id=360"},"modified":"2026-04-28T15:32:20","modified_gmt":"2026-04-28T19:32:20","slug":"porfolio-lebeau","status":"publish","type":"page","link":"https:\/\/emathieu.dectim.ca\/bevv\/porfolio-lebeau\/","title":{"rendered":"Porfolio Lebeau"},"content":{"rendered":"\n<div class=\"wp-block-nk-awb nk-awb alignfull has-000000-background-color has-background\"><div class=\"nk-awb-wrap\" style=\"background:#000000\" data-awb-type=\"yt_vm_video\" data-awb-video=\"https:\/\/www.youtube.com\/watch?v=cluzvu1nYQg\" data-awb-video-mobile=\"false\" data-awb-image-background-size=\"cover\" data-awb-image-background-position=\"50% 50%\"><div class=\"nk-awb-inner\" style=\"opacity: 0.48;\"><img loading=\"lazy\" decoding=\"async\" src=\"https:\/\/emathieu.dectim.ca\/bevv\/wp-content\/uploads\/2026\/03\/Rectangle-36.png\" class=\"wp-image-821 jarallax-img\" width=\"1775\" height=\"495\" srcset=\"https:\/\/emathieu.dectim.ca\/bevv\/wp-content\/uploads\/2026\/03\/Rectangle-36.png 1775w, https:\/\/emathieu.dectim.ca\/bevv\/wp-content\/uploads\/2026\/03\/Rectangle-36-300x84.png 300w, https:\/\/emathieu.dectim.ca\/bevv\/wp-content\/uploads\/2026\/03\/Rectangle-36-1024x286.png 1024w, https:\/\/emathieu.dectim.ca\/bevv\/wp-content\/uploads\/2026\/03\/Rectangle-36-768x214.png 768w, https:\/\/emathieu.dectim.ca\/bevv\/wp-content\/uploads\/2026\/03\/Rectangle-36-1536x428.png 1536w, https:\/\/emathieu.dectim.ca\/bevv\/wp-content\/uploads\/2026\/03\/Rectangle-36-500x139.png 500w, https:\/\/emathieu.dectim.ca\/bevv\/wp-content\/uploads\/2026\/03\/Rectangle-36-800x223.png 800w, https:\/\/emathieu.dectim.ca\/bevv\/wp-content\/uploads\/2026\/03\/Rectangle-36-1280x357.png 1280w\" sizes=\"auto, (max-width: 1775px) 100vw, 1775px\" \/><\/div><\/div><div class=\"nk-awb-wrap-content is-layout-constrained wp-container-nk-awb-is-layout-1d09d83f wp-block-nk-awb-is-layout-constrained\">\n<div style=\"height:290px\" aria-hidden=\"true\" class=\"wp-block-spacer\"><\/div>\n\n\n\n<div class=\"wp-block-group is-layout-constrained wp-container-core-group-is-layout-323a0f85 wp-block-group-is-layout-constrained\" style=\"padding-right:0;padding-left:0\">\n<h3 class=\"wp-block-heading has-text-align-left has-ast-global-color-1-color has-text-color has-link-color wp-elements-57617317ad5fb5b258a9739e4460e4df\">Animation 3D<\/h3>\n\n\n\n<h1 class=\"wp-block-heading has-text-align-left\" style=\"margin-top:var(--wp--preset--spacing--30);margin-right:0;margin-bottom:var(--wp--preset--spacing--30);margin-left:0\">Joyeux No\u00ebl<\/h1>\n<\/div>\n\n\n\n<div style=\"height:290px\" aria-hidden=\"true\" class=\"wp-block-spacer\"><\/div>\n<\/div><\/div>\n\n\n\n<div class=\"wp-block-columns is-layout-flex wp-container-core-columns-is-layout-e0e4babd wp-block-columns-is-layout-flex\" style=\"padding-right:0;padding-left:0\">\n<div class=\"wp-block-column is-vertically-aligned-center is-content-justification-left is-layout-constrained wp-container-core-column-is-layout-12011195 wp-block-column-is-layout-constrained\" style=\"padding-top:var(--wp--preset--spacing--60);padding-right:0;padding-bottom:var(--wp--preset--spacing--60);padding-left:0\">\n<h2 class=\"wp-block-heading\" style=\"padding-top:var(--wp--preset--spacing--50);padding-bottom:var(--wp--preset--spacing--50);font-size:47px\">CONTEXTE DU PROJET<\/h2>\n\n\n\n<p>Cette animation 3D a \u00e9t\u00e9 r\u00e9alis\u00e9e dans le contexte du cours d\u2019animation 3D. J\u2019ai voulu cr\u00e9e, mod\u00e9liser et animer une ambiance de No\u00ebl dans Blender.  L\u2019environnement est inspir\u00e9 d&rsquo;un salon convivial le jour de No\u00ebl.<\/p>\n<\/div>\n\n\n\n<div class=\"wp-block-column is-layout-flow wp-block-column-is-layout-flow\"><\/div>\n<\/div>\n\n\n\n<hr class=\"wp-block-separator has-text-color has-ast-global-color-4-color has-alpha-channel-opacity has-ast-global-color-4-background-color has-background is-style-wide\"\/>\n\n\n\n<div style=\"height:15px\" aria-hidden=\"true\" class=\"wp-block-spacer\"><\/div>\n\n\n\n<h2 class=\"wp-block-heading has-text-align-left\">\u00c9tape de r\u00e9alisation : <\/h2>\n\n\n\n<div class=\"wp-block-columns is-layout-flex wp-container-core-columns-is-layout-e0e4babd wp-block-columns-is-layout-flex\" style=\"padding-right:0;padding-left:0\">\n<div class=\"wp-block-column is-vertically-aligned-center is-content-justification-left is-layout-constrained wp-container-core-column-is-layout-12011195 wp-block-column-is-layout-constrained\" style=\"padding-top:var(--wp--preset--spacing--60);padding-right:0;padding-bottom:var(--wp--preset--spacing--60);padding-left:0\">\n<figure class=\"wp-block-image size-full\"><img loading=\"lazy\" decoding=\"async\" width=\"983\" height=\"401\" src=\"https:\/\/emathieu.dectim.ca\/bevv\/wp-content\/uploads\/2026\/03\/Capture-decran-2026-03-30-202935.png\" alt=\"\" class=\"wp-image-1165\" srcset=\"https:\/\/emathieu.dectim.ca\/bevv\/wp-content\/uploads\/2026\/03\/Capture-decran-2026-03-30-202935.png 983w, https:\/\/emathieu.dectim.ca\/bevv\/wp-content\/uploads\/2026\/03\/Capture-decran-2026-03-30-202935-300x122.png 300w, https:\/\/emathieu.dectim.ca\/bevv\/wp-content\/uploads\/2026\/03\/Capture-decran-2026-03-30-202935-768x313.png 768w, https:\/\/emathieu.dectim.ca\/bevv\/wp-content\/uploads\/2026\/03\/Capture-decran-2026-03-30-202935-500x204.png 500w, https:\/\/emathieu.dectim.ca\/bevv\/wp-content\/uploads\/2026\/03\/Capture-decran-2026-03-30-202935-800x326.png 800w\" sizes=\"auto, (max-width: 983px) 100vw, 983px\" \/><\/figure>\n<\/div>\n\n\n\n<div class=\"wp-block-column is-layout-flow wp-block-column-is-layout-flow\">\n<h2 class=\"wp-block-heading has-text-align-right\" style=\"padding-top:var(--wp--preset--spacing--50);padding-bottom:var(--wp--preset--spacing--50);font-size:40px\">1- Mod\u00e9lisation<\/h2>\n\n\n\n<p class=\"has-text-align-right\">Pour commencer, j\u2019ai mod\u00e9lis\u00e9 cette sc\u00e8ne de No\u00ebl \u00e0 partir d\u2019un cube \u00e0 l\u2019aide de Blender. Le sapin a \u00e9t\u00e9 cr\u00e9e en utilisant plusieurs modificateur comme le miroir et le biseautage.<\/p>\n<\/div>\n<\/div>\n\n\n\n<hr class=\"wp-block-separator has-text-color has-ast-global-color-4-color has-alpha-channel-opacity has-ast-global-color-4-background-color has-background is-style-wide\"\/>\n\n\n\n<div class=\"wp-block-columns is-layout-flex wp-container-core-columns-is-layout-e0e4babd wp-block-columns-is-layout-flex\" style=\"padding-right:0;padding-left:0\">\n<div class=\"wp-block-column is-vertically-aligned-center is-content-justification-left is-layout-constrained wp-container-core-column-is-layout-12011195 wp-block-column-is-layout-constrained\" style=\"padding-top:var(--wp--preset--spacing--60);padding-right:0;padding-bottom:var(--wp--preset--spacing--60);padding-left:0\">\n<h2 class=\"wp-block-heading\" style=\"padding-top:var(--wp--preset--spacing--50);padding-bottom:var(--wp--preset--spacing--50);font-size:40px\">2- Le Train<\/h2>\n\n\n\n<p>Les textures du train sont cr\u00e9e \u00e0 partie de plusieurs formes retravailler dans Blender. Les couleurs sont inspir\u00e9e de train de bois destin\u00e9 aux enfant (couleur tr\u00e8s \u00e9clatante et varier.<\/p>\n<\/div>\n\n\n\n<div class=\"wp-block-column is-layout-flow wp-block-column-is-layout-flow\">\n<figure class=\"wp-block-image size-full\"><img loading=\"lazy\" decoding=\"async\" width=\"1291\" height=\"647\" src=\"https:\/\/emathieu.dectim.ca\/bevv\/wp-content\/uploads\/2026\/03\/Capture-decran-2026-03-30-203627.png\" alt=\"\" class=\"wp-image-1172\" srcset=\"https:\/\/emathieu.dectim.ca\/bevv\/wp-content\/uploads\/2026\/03\/Capture-decran-2026-03-30-203627.png 1291w, https:\/\/emathieu.dectim.ca\/bevv\/wp-content\/uploads\/2026\/03\/Capture-decran-2026-03-30-203627-300x150.png 300w, https:\/\/emathieu.dectim.ca\/bevv\/wp-content\/uploads\/2026\/03\/Capture-decran-2026-03-30-203627-1024x513.png 1024w, https:\/\/emathieu.dectim.ca\/bevv\/wp-content\/uploads\/2026\/03\/Capture-decran-2026-03-30-203627-768x385.png 768w, https:\/\/emathieu.dectim.ca\/bevv\/wp-content\/uploads\/2026\/03\/Capture-decran-2026-03-30-203627-500x251.png 500w, https:\/\/emathieu.dectim.ca\/bevv\/wp-content\/uploads\/2026\/03\/Capture-decran-2026-03-30-203627-800x401.png 800w, https:\/\/emathieu.dectim.ca\/bevv\/wp-content\/uploads\/2026\/03\/Capture-decran-2026-03-30-203627-1280x641.png 1280w\" sizes=\"auto, (max-width: 1291px) 100vw, 1291px\" \/><\/figure>\n<\/div>\n<\/div>\n\n\n\n<div class=\"wp-block-columns is-layout-flex wp-container-core-columns-is-layout-e0e4babd wp-block-columns-is-layout-flex\" style=\"padding-right:0;padding-left:0\">\n<div class=\"wp-block-column is-vertically-aligned-center is-content-justification-left is-layout-constrained wp-container-core-column-is-layout-12011195 wp-block-column-is-layout-constrained\" style=\"padding-top:var(--wp--preset--spacing--60);padding-right:0;padding-bottom:var(--wp--preset--spacing--60);padding-left:0\">\n<figure class=\"wp-block-image size-full has-custom-border\"><img loading=\"lazy\" decoding=\"async\" width=\"824\" height=\"527\" src=\"https:\/\/emathieu.dectim.ca\/bevv\/wp-content\/uploads\/2026\/03\/Capture-decran-2026-03-30-203054-1.png\" alt=\"\" class=\"wp-image-1167\" style=\"border-top-left-radius:0px;border-top-right-radius:0px;border-bottom-left-radius:0px;border-bottom-right-radius:0px;aspect-ratio:1.5066056353090496\" srcset=\"https:\/\/emathieu.dectim.ca\/bevv\/wp-content\/uploads\/2026\/03\/Capture-decran-2026-03-30-203054-1.png 824w, https:\/\/emathieu.dectim.ca\/bevv\/wp-content\/uploads\/2026\/03\/Capture-decran-2026-03-30-203054-1-300x192.png 300w, https:\/\/emathieu.dectim.ca\/bevv\/wp-content\/uploads\/2026\/03\/Capture-decran-2026-03-30-203054-1-768x491.png 768w, https:\/\/emathieu.dectim.ca\/bevv\/wp-content\/uploads\/2026\/03\/Capture-decran-2026-03-30-203054-1-500x320.png 500w, https:\/\/emathieu.dectim.ca\/bevv\/wp-content\/uploads\/2026\/03\/Capture-decran-2026-03-30-203054-1-800x512.png 800w\" sizes=\"auto, (max-width: 824px) 100vw, 824px\" \/><\/figure>\n<\/div>\n\n\n\n<div class=\"wp-block-column is-layout-flow wp-block-column-is-layout-flow\">\n<h2 class=\"wp-block-heading has-text-align-right\" style=\"padding-top:var(--wp--preset--spacing--50);padding-bottom:var(--wp--preset--spacing--50);font-size:40px\">3- Le d\u00e9cor<\/h2>\n\n\n\n<p class=\"has-text-align-right\">La mod\u00e9lisation du d\u00e9cor va jusque dans les d\u00e9tails avec ce magnifique projet. Les cadeaux sont divis\u00e9s en plusieurs section et le ruban est repr\u00e9senter comme s&rsquo;il s&rsquo;agissais d&rsquo;un vrai cadeau. Il reste cependant tous abimable ind\u00e9pendamment. <\/p>\n<\/div>\n<\/div>\n\n\n\n<div class=\"wp-block-columns is-layout-flex wp-container-core-columns-is-layout-e0e4babd wp-block-columns-is-layout-flex\" style=\"padding-right:0;padding-left:0\">\n<div class=\"wp-block-column is-vertically-aligned-center is-content-justification-left is-layout-constrained wp-container-core-column-is-layout-12011195 wp-block-column-is-layout-constrained\" style=\"padding-top:var(--wp--preset--spacing--60);padding-right:0;padding-bottom:var(--wp--preset--spacing--60);padding-left:0\">\n<h2 class=\"wp-block-heading\" style=\"padding-top:var(--wp--preset--spacing--50);padding-bottom:var(--wp--preset--spacing--50);font-size:40px\">4- L&rsquo;\u00e9clairage<\/h2>\n\n\n\n<p>L&rsquo;\u00e9clairage repr\u00e9sente les couleurs de No\u00ebl ( vert et rouge), avec les boules de No\u00ebl qui s&rsquo;allume et s&rsquo;\u00e9teignent en alternance.<\/p>\n<\/div>\n\n\n\n<div class=\"wp-block-column is-layout-flow wp-block-column-is-layout-flow\">\n<figure class=\"wp-block-image size-full\"><img loading=\"lazy\" decoding=\"async\" width=\"1173\" height=\"694\" src=\"https:\/\/emathieu.dectim.ca\/bevv\/wp-content\/uploads\/2026\/04\/Capture-decran-2026-04-25-155348.png\" alt=\"\" class=\"wp-image-1720\" srcset=\"https:\/\/emathieu.dectim.ca\/bevv\/wp-content\/uploads\/2026\/04\/Capture-decran-2026-04-25-155348.png 1173w, https:\/\/emathieu.dectim.ca\/bevv\/wp-content\/uploads\/2026\/04\/Capture-decran-2026-04-25-155348-300x177.png 300w, https:\/\/emathieu.dectim.ca\/bevv\/wp-content\/uploads\/2026\/04\/Capture-decran-2026-04-25-155348-1024x606.png 1024w, https:\/\/emathieu.dectim.ca\/bevv\/wp-content\/uploads\/2026\/04\/Capture-decran-2026-04-25-155348-768x454.png 768w, https:\/\/emathieu.dectim.ca\/bevv\/wp-content\/uploads\/2026\/04\/Capture-decran-2026-04-25-155348-500x296.png 500w, https:\/\/emathieu.dectim.ca\/bevv\/wp-content\/uploads\/2026\/04\/Capture-decran-2026-04-25-155348-800x473.png 800w\" sizes=\"auto, (max-width: 1173px) 100vw, 1173px\" \/><\/figure>\n<\/div>\n<\/div>\n\n\n\n<div class=\"wp-block-columns is-layout-flex wp-container-core-columns-is-layout-e0e4babd wp-block-columns-is-layout-flex\" style=\"padding-right:0;padding-left:0\">\n<div class=\"wp-block-column is-vertically-aligned-center is-content-justification-left is-layout-constrained wp-container-core-column-is-layout-12011195 wp-block-column-is-layout-constrained\" style=\"padding-top:var(--wp--preset--spacing--60);padding-right:0;padding-bottom:var(--wp--preset--spacing--60);padding-left:0\">\n<figure class=\"wp-block-image size-full has-custom-border\"><img loading=\"lazy\" decoding=\"async\" width=\"1264\" height=\"735\" src=\"https:\/\/emathieu.dectim.ca\/bevv\/wp-content\/uploads\/2026\/04\/Capture-decran-2026-04-25-165816.png\" alt=\"\" class=\"wp-image-1740\" style=\"border-top-left-radius:0px;border-top-right-radius:0px;border-bottom-left-radius:0px;border-bottom-right-radius:0px;aspect-ratio:1.5066056353090496\" srcset=\"https:\/\/emathieu.dectim.ca\/bevv\/wp-content\/uploads\/2026\/04\/Capture-decran-2026-04-25-165816.png 1264w, https:\/\/emathieu.dectim.ca\/bevv\/wp-content\/uploads\/2026\/04\/Capture-decran-2026-04-25-165816-300x174.png 300w, https:\/\/emathieu.dectim.ca\/bevv\/wp-content\/uploads\/2026\/04\/Capture-decran-2026-04-25-165816-1024x595.png 1024w, https:\/\/emathieu.dectim.ca\/bevv\/wp-content\/uploads\/2026\/04\/Capture-decran-2026-04-25-165816-768x447.png 768w, https:\/\/emathieu.dectim.ca\/bevv\/wp-content\/uploads\/2026\/04\/Capture-decran-2026-04-25-165816-500x291.png 500w, https:\/\/emathieu.dectim.ca\/bevv\/wp-content\/uploads\/2026\/04\/Capture-decran-2026-04-25-165816-800x465.png 800w\" sizes=\"auto, (max-width: 1264px) 100vw, 1264px\" \/><\/figure>\n<\/div>\n\n\n\n<div class=\"wp-block-column is-layout-flow wp-block-column-is-layout-flow\">\n<h2 class=\"wp-block-heading has-text-align-right\" style=\"padding-top:var(--wp--preset--spacing--50);padding-bottom:var(--wp--preset--spacing--50);font-size:40px\">5- L&rsquo;animation<\/h2>\n\n\n\n<p class=\"has-text-align-right\">Le projet est animer de fa\u00e7on dynamique, le train tourne en rond, le cadeaux s&rsquo;ouvre, la cam\u00e9ra fait un follow track et les boules s&rsquo;allument et s&rsquo;\u00e9teignent.<\/p>\n<\/div>\n<\/div>\n\n\n\n<div class=\"wp-block-columns is-layout-flex wp-container-core-columns-is-layout-e0e4babd wp-block-columns-is-layout-flex\" style=\"padding-right:0;padding-left:0\">\n<div class=\"wp-block-column is-vertically-aligned-center is-content-justification-left is-layout-constrained wp-container-core-column-is-layout-12011195 wp-block-column-is-layout-constrained\" style=\"padding-top:var(--wp--preset--spacing--60);padding-right:0;padding-bottom:var(--wp--preset--spacing--60);padding-left:0\">\n<h2 class=\"wp-block-heading\" style=\"padding-top:var(--wp--preset--spacing--50);padding-bottom:var(--wp--preset--spacing--50);font-size:47px\">Rendu final<\/h2>\n<\/div>\n\n\n\n<div class=\"wp-block-column is-vertically-aligned-center is-content-justification-left is-layout-constrained wp-container-core-column-is-layout-12011195 wp-block-column-is-layout-constrained\" style=\"padding-top:var(--wp--preset--spacing--60);padding-right:0;padding-bottom:var(--wp--preset--spacing--60);padding-left:0\">\n<figure class=\"wp-block-embed is-type-video is-provider-youtube wp-block-embed-youtube wp-embed-aspect-16-9 wp-has-aspect-ratio\"><div class=\"wp-block-embed__wrapper\">\n<iframe loading=\"lazy\" title=\"Video Projet\" width=\"500\" height=\"281\" src=\"https:\/\/www.youtube.com\/embed\/oQ9cgPFpYi0?feature=oembed\" frameborder=\"0\" allow=\"accelerometer; autoplay; clipboard-write; encrypted-media; gyroscope; picture-in-picture; web-share\" referrerpolicy=\"strict-origin-when-cross-origin\" allowfullscreen><\/iframe>\n<\/div><\/figure>\n<\/div>\n<\/div>\n\n\n\n<div class=\"wp-block-columns is-layout-flex wp-container-core-columns-is-layout-e0e4babd wp-block-columns-is-layout-flex\" style=\"padding-right:0;padding-left:0\">\n<div class=\"wp-block-column is-layout-flow wp-block-column-is-layout-flow\"><\/div>\n\n\n\n<div class=\"wp-block-column is-vertically-aligned-center is-content-justification-left is-layout-constrained wp-container-core-column-is-layout-12011195 wp-block-column-is-layout-constrained\" style=\"padding-top:var(--wp--preset--spacing--60);padding-right:0;padding-bottom:var(--wp--preset--spacing--60);padding-left:0\">\n<h2 class=\"wp-block-heading\" style=\"padding-top:var(--wp--preset--spacing--50);padding-bottom:var(--wp--preset--spacing--50);font-size:47px\">Cr\u00e9dit du projet<\/h2>\n\n\n\n<p>Tous les droits sont attribu\u00e9e \u00e0 l&rsquo;auteur<\/p>\n<\/div>\n<\/div>\n","protected":false},"excerpt":{"rendered":"<p>CONTEXTE DU PROJET Cette animation 3D a \u00e9t\u00e9 r\u00e9alis\u00e9e dans le contexte du cours d\u2019animation 3D. J\u2019ai voulu cr\u00e9e, mod\u00e9liser [&hellip;]<\/p>\n","protected":false},"author":4,"featured_media":0,"parent":0,"menu_order":0,"comment_status":"closed","ping_status":"closed","template":"","meta":{"site-sidebar-layout":"default","site-content-layout":"","ast-site-content-layout":"default","site-content-style":"default","site-sidebar-style":"default","ast-global-header-display":"","ast-banner-title-visibility":"","ast-main-header-display":"","ast-hfb-above-header-display":"","ast-hfb-below-header-display":"","ast-hfb-mobile-header-display":"","site-post-title":"disabled","ast-breadcrumbs-content":"","ast-featured-img":"","footer-sml-layout":"","ast-disable-related-posts":"","theme-transparent-header-meta":"","adv-header-id-meta":"","stick-header-meta":"","header-above-stick-meta":"","header-main-stick-meta":"","header-below-stick-meta":"","astra-migrate-meta-layouts":"default","ast-page-background-enabled":"default","ast-page-background-meta":{"desktop":{"background-color":"var(--ast-global-color-5)","background-image":"","background-repeat":"repeat","background-position":"center center","background-size":"auto","background-attachment":"scroll","background-type":"","background-media":"","overlay-type":"","overlay-color":"","overlay-opacity":"","overlay-gradient":""},"tablet":{"background-color":"","background-image":"","background-repeat":"repeat","background-position":"center center","background-size":"auto","background-attachment":"scroll","background-type":"","background-media":"","overlay-type":"","overlay-color":"","overlay-opacity":"","overlay-gradient":""},"mobile":{"background-color":"","background-image":"","background-repeat":"repeat","background-position":"center center","background-size":"auto","background-attachment":"scroll","background-type":"","background-media":"","overlay-type":"","overlay-color":"","overlay-opacity":"","overlay-gradient":""}},"ast-content-background-meta":{"desktop":{"background-color":"var(--ast-global-color-4)","background-image":"","background-repeat":"repeat","background-position":"center center","background-size":"auto","background-attachment":"scroll","background-type":"","background-media":"","overlay-type":"","overlay-color":"","overlay-opacity":"","overlay-gradient":""},"tablet":{"background-color":"var(--ast-global-color-4)","background-image":"","background-repeat":"repeat","background-position":"center center","background-size":"auto","background-attachment":"scroll","background-type":"","background-media":"","overlay-type":"","overlay-color":"","overlay-opacity":"","overlay-gradient":""},"mobile":{"background-color":"var(--ast-global-color-4)","background-image":"","background-repeat":"repeat","background-position":"center center","background-size":"auto","background-attachment":"scroll","background-type":"","background-media":"","overlay-type":"","overlay-color":"","overlay-opacity":"","overlay-gradient":""}},"_themeisle_gutenberg_block_has_review":false,"footnotes":""},"class_list":["post-360","page","type-page","status-publish","hentry"],"_links":{"self":[{"href":"https:\/\/emathieu.dectim.ca\/bevv\/wp-json\/wp\/v2\/pages\/360","targetHints":{"allow":["GET"]}}],"collection":[{"href":"https:\/\/emathieu.dectim.ca\/bevv\/wp-json\/wp\/v2\/pages"}],"about":[{"href":"https:\/\/emathieu.dectim.ca\/bevv\/wp-json\/wp\/v2\/types\/page"}],"author":[{"embeddable":true,"href":"https:\/\/emathieu.dectim.ca\/bevv\/wp-json\/wp\/v2\/users\/4"}],"replies":[{"embeddable":true,"href":"https:\/\/emathieu.dectim.ca\/bevv\/wp-json\/wp\/v2\/comments?post=360"}],"version-history":[{"count":52,"href":"https:\/\/emathieu.dectim.ca\/bevv\/wp-json\/wp\/v2\/pages\/360\/revisions"}],"predecessor-version":[{"id":2522,"href":"https:\/\/emathieu.dectim.ca\/bevv\/wp-json\/wp\/v2\/pages\/360\/revisions\/2522"}],"wp:attachment":[{"href":"https:\/\/emathieu.dectim.ca\/bevv\/wp-json\/wp\/v2\/media?parent=360"}],"curies":[{"name":"wp","href":"https:\/\/api.w.org\/{rel}","templated":true}]}}