{"id":298,"date":"2026-02-23T11:18:46","date_gmt":"2026-02-23T16:18:46","guid":{"rendered":"https:\/\/emathieu.dectim.ca\/bevv\/?page_id=298"},"modified":"2026-04-28T14:49:30","modified_gmt":"2026-04-28T18:49:30","slug":"artist-vfx","status":"publish","type":"page","link":"https:\/\/emathieu.dectim.ca\/bevv\/artist-vfx\/","title":{"rendered":"Artiste VFX"},"content":{"rendered":"\n<div class=\"wp-block-nk-awb nk-awb alignfull has-000000-background-color has-background\"><div class=\"nk-awb-wrap\" style=\"background:#000000\" data-awb-type=\"image\" data-awb-image-background-size=\"cover\" data-awb-image-background-position=\"50% 50%\"><div class=\"nk-awb-inner\" style=\"opacity: 0.48;\"><img loading=\"lazy\" decoding=\"async\" src=\"https:\/\/emathieu.dectim.ca\/bevv\/wp-content\/uploads\/2026\/04\/Rectangle-75.png\" class=\"wp-image-1833 jarallax-img\" width=\"1931\" height=\"1049\" srcset=\"https:\/\/emathieu.dectim.ca\/bevv\/wp-content\/uploads\/2026\/04\/Rectangle-75.png 1931w, https:\/\/emathieu.dectim.ca\/bevv\/wp-content\/uploads\/2026\/04\/Rectangle-75-300x163.png 300w, https:\/\/emathieu.dectim.ca\/bevv\/wp-content\/uploads\/2026\/04\/Rectangle-75-1024x556.png 1024w, https:\/\/emathieu.dectim.ca\/bevv\/wp-content\/uploads\/2026\/04\/Rectangle-75-768x417.png 768w, https:\/\/emathieu.dectim.ca\/bevv\/wp-content\/uploads\/2026\/04\/Rectangle-75-1536x834.png 1536w, https:\/\/emathieu.dectim.ca\/bevv\/wp-content\/uploads\/2026\/04\/Rectangle-75-500x272.png 500w, https:\/\/emathieu.dectim.ca\/bevv\/wp-content\/uploads\/2026\/04\/Rectangle-75-800x435.png 800w, https:\/\/emathieu.dectim.ca\/bevv\/wp-content\/uploads\/2026\/04\/Rectangle-75-1280x695.png 1280w, https:\/\/emathieu.dectim.ca\/bevv\/wp-content\/uploads\/2026\/04\/Rectangle-75-1920x1043.png 1920w\" sizes=\"auto, (max-width: 1931px) 100vw, 1931px\" \/><\/div><\/div><div class=\"nk-awb-wrap-content is-layout-constrained wp-container-nk-awb-is-layout-1d09d83f wp-block-nk-awb-is-layout-constrained\">\n<div style=\"height:290px\" aria-hidden=\"true\" class=\"wp-block-spacer\"><\/div>\n\n\n\n<div class=\"wp-block-group is-layout-constrained wp-container-core-group-is-layout-323a0f85 wp-block-group-is-layout-constrained\" style=\"padding-right:0;padding-left:0\">\n<h3 class=\"wp-block-heading has-text-align-left has-ast-global-color-1-color has-text-color has-link-color wp-elements-8857c778e599e5ca2a29375f1d188ec6\">Publicit\u00e9s<\/h3>\n\n\n\n<div class=\"wp-block-group is-nowrap is-layout-flex wp-container-core-group-is-layout-6c531013 wp-block-group-is-layout-flex\">\n<h1 class=\"wp-block-heading has-text-align-left\" style=\"margin-top:var(--wp--preset--spacing--30);margin-right:0;margin-bottom:var(--wp--preset--spacing--30);margin-left:0\">Artiste VFX<\/h1>\n<\/div>\n<\/div>\n\n\n\n<div style=\"height:290px\" aria-hidden=\"true\" class=\"wp-block-spacer\"><\/div>\n<\/div><\/div>\n\n\n\n<p><\/p>\n\n\n\n<h2 class=\"wp-block-heading\" style=\"padding-top:var(--wp--preset--spacing--60);padding-bottom:var(--wp--preset--spacing--40)\">PROCESUS DE PRODUCTION<\/h2>\n\n\n\n<p style=\"padding-top:var(--wp--preset--spacing--30);padding-bottom:var(--wp--preset--spacing--30)\">Avec notre expertise en effets visuels (VFX), nous transformons vos projets en exp\u00e9riences visuelles inoubliables. De la cr\u00e9ation d\u2019\u00e9l\u00e9ments num\u00e9riques r\u00e9alistes \u00e0 l&rsquo;int\u00e9gration parfaite dans des s\u00e9quences film\u00e9es, nous apportons des solutions cr\u00e9atives adapt\u00e9es \u00e0 vos besoins.<\/p>\n\n\n\n<div id=\"wp-block-themeisle-blocks-slider-e820e191\" class=\"wp-block-themeisle-blocks-slider glide\" data-per-view=\"1\" data-gap=\"0\" data-peek=\"0\" data-autoplay=\"true\" data-height=\"720px\" data-hide-arrows=\"false\"><div class=\"glide__track\" data-glide-el=\"track\"><div class=\"glide__slides\"><div class=\"wp-block-themeisle-blocks-slider-item-wrapper glide__slide\" tabindex=\"0\"><figure><img decoding=\"async\" class=\"wp-block-themeisle-blocks-slider-item\" src=\"https:\/\/emathieu.dectim.ca\/bevv\/wp-content\/uploads\/2026\/04\/Meeting-scaled.jpg\" alt=\"\" title=\"\" data-id=\"1716\"\/><\/figure><\/div><div class=\"wp-block-themeisle-blocks-slider-item-wrapper glide__slide\" tabindex=\"0\"><figure><img decoding=\"async\" class=\"wp-block-themeisle-blocks-slider-item\" src=\"https:\/\/emathieu.dectim.ca\/bevv\/wp-content\/uploads\/2026\/04\/Faire-la-modelisation.png\" alt=\"\" title=\"\" data-id=\"1714\"\/><\/figure><\/div><div class=\"wp-block-themeisle-blocks-slider-item-wrapper glide__slide\" tabindex=\"0\"><figure><img decoding=\"async\" class=\"wp-block-themeisle-blocks-slider-item\" src=\"https:\/\/emathieu.dectim.ca\/bevv\/wp-content\/uploads\/2026\/04\/ChatGPT-Image-Apr-25-2026-04_18_15-PM.png\" alt=\"\" title=\"\" data-id=\"1726\"\/><\/figure><\/div><div class=\"wp-block-themeisle-blocks-slider-item-wrapper glide__slide\" tabindex=\"0\"><figure><img decoding=\"async\" class=\"wp-block-themeisle-blocks-slider-item\" src=\"https:\/\/emathieu.dectim.ca\/bevv\/wp-content\/uploads\/2026\/04\/Ajoute-de-VFX.png\" alt=\"\" title=\"\" data-id=\"1715\"\/><\/figure><\/div><div class=\"wp-block-themeisle-blocks-slider-item-wrapper glide__slide\" tabindex=\"0\"><figure><img decoding=\"async\" class=\"wp-block-themeisle-blocks-slider-item\" src=\"https:\/\/emathieu.dectim.ca\/bevv\/wp-content\/uploads\/2026\/04\/Faire-la-VFX.png\" alt=\"\" title=\"\" data-id=\"1722\"\/><\/figure><\/div><div class=\"wp-block-themeisle-blocks-slider-item-wrapper glide__slide\" tabindex=\"0\"><figure><img decoding=\"async\" class=\"wp-block-themeisle-blocks-slider-item\" src=\"https:\/\/emathieu.dectim.ca\/bevv\/wp-content\/uploads\/2026\/04\/Meeting-with-client1.jpg\" alt=\"\" title=\"\" data-id=\"1721\"\/><\/figure><\/div><\/div><div class=\"glide__bullets\" data-glide-el=\"controls[nav]\"><button class=\"glide__bullet\" data-glide-dir=\"=0\"><\/button><button class=\"glide__bullet\" data-glide-dir=\"=1\"><\/button><button class=\"glide__bullet\" data-glide-dir=\"=2\"><\/button><button class=\"glide__bullet\" data-glide-dir=\"=3\"><\/button><button class=\"glide__bullet\" data-glide-dir=\"=4\"><\/button><button class=\"glide__bullet\" data-glide-dir=\"=5\"><\/button><\/div><\/div><\/div>\n\n\n\n<div class=\"wp-block-group has-ast-global-color-6-background-color has-background is-vertical is-content-justification-center is-layout-flex wp-container-core-group-is-layout-ce155fab wp-block-group-is-layout-flex\">\n<div id=\"wp-block-themeisle-blocks-timeline-4756f707\" class=\"wp-block-themeisle-blocks-timeline\"><div class=\"o-timeline-root\">\n<div id=\"wp-block-themeisle-blocks-timeline-item-59b09651\" class=\"wp-block-themeisle-blocks-timeline-item\"><div class=\"o-timeline-container\"><div class=\"o-timeline-icon\"><i class=\"fas fa-circle\"><\/i><\/div><div class=\"o-timeline-content\">\n<h3 class=\"wp-block-heading animated slideInLeft\">1 Discussion avec le client<\/h3>\n<\/div><\/div><\/div>\n\n\n\n<div id=\"wp-block-themeisle-blocks-timeline-item-f7ef6eb1\" class=\"wp-block-themeisle-blocks-timeline-item\"><div class=\"o-timeline-container\"><div class=\"o-timeline-icon\"><i class=\"fas fa-circle\"><\/i><\/div><div class=\"o-timeline-content\">\n<h3 class=\"wp-block-heading animated slideInRight\">2. Pr\u00e9-production<\/h3>\n<\/div><\/div><\/div>\n\n\n\n<div id=\"wp-block-themeisle-blocks-timeline-item-4ab3da67\" class=\"wp-block-themeisle-blocks-timeline-item\"><div class=\"o-timeline-container\"><div class=\"o-timeline-icon\"><i class=\"fas fa-circle\"><\/i><\/div><div class=\"o-timeline-content\">\n<h3 class=\"wp-block-heading animated slideInLeft\">3 Storyborading<\/h3>\n<\/div><\/div><\/div>\n\n\n\n<div id=\"wp-block-themeisle-blocks-timeline-item-75ab9497\" class=\"wp-block-themeisle-blocks-timeline-item\"><div class=\"o-timeline-container\"><div class=\"o-timeline-icon\"><i class=\"fas fa-circle\"><\/i><\/div><div class=\"o-timeline-content\">\n<h3 class=\"wp-block-heading animated slideInRight\">4 Pr\u00e9visualisation<\/h3>\n<\/div><\/div><\/div>\n\n\n\n<div id=\"wp-block-themeisle-blocks-timeline-item-4f9ef7e8\" class=\"wp-block-themeisle-blocks-timeline-item\"><div class=\"o-timeline-container\"><div class=\"o-timeline-icon\"><i class=\"fas fa-circle\"><\/i><\/div><div class=\"o-timeline-content\">\n<h3 class=\"wp-block-heading animated slideInLeft\">5 Photographie de r\u00e9f\u00e9rences<\/h3>\n<\/div><\/div><\/div>\n\n\n\n<div id=\"wp-block-themeisle-blocks-timeline-item-5b50fcb0\" class=\"wp-block-themeisle-blocks-timeline-item\"><div class=\"o-timeline-container\"><div class=\"o-timeline-icon\"><i class=\"fas fa-circle\"><\/i><\/div><div class=\"o-timeline-content\">\n<h3 class=\"wp-block-heading animated slideInRight\">6 Mod\u00e9lisation 3d<\/h3>\n<\/div><\/div><\/div>\n\n\n\n<div id=\"wp-block-themeisle-blocks-timeline-item-83995cc8\" class=\"wp-block-themeisle-blocks-timeline-item\"><div class=\"o-timeline-container\"><div class=\"o-timeline-icon\"><i class=\"fas fa-circle\"><\/i><\/div><div class=\"o-timeline-content\">\n<h3 class=\"wp-block-heading animated slideInLeft\">7 Peinture mate<\/h3>\n<\/div><\/div><\/div>\n\n\n\n<div id=\"wp-block-themeisle-blocks-timeline-item-f0ee8f80\" class=\"wp-block-themeisle-blocks-timeline-item\"><div class=\"o-timeline-container\"><div class=\"o-timeline-icon\"><i class=\"fas fa-circle\"><\/i><\/div><div class=\"o-timeline-content\">\n<h3 class=\"wp-block-heading animated slideInRight\">8 Rigging et animation<\/h3>\n<\/div><\/div><\/div>\n\n\n\n<div id=\"wp-block-themeisle-blocks-timeline-item-c9b5b338\" class=\"wp-block-themeisle-blocks-timeline-item\"><div class=\"o-timeline-container\"><div class=\"o-timeline-icon\"><i class=\"fas fa-circle\"><\/i><\/div><div class=\"o-timeline-content\">\n<h3 class=\"wp-block-heading animated slideInLeft\">9 Fx et simulation<\/h3>\n<\/div><\/div><\/div>\n\n\n\n<div id=\"wp-block-themeisle-blocks-timeline-item-7e600e5c\" class=\"wp-block-themeisle-blocks-timeline-item\"><div class=\"o-timeline-container\"><div class=\"o-timeline-icon\"><i class=\"fas fa-circle\"><\/i><\/div><div class=\"o-timeline-content\">\n<h3 class=\"wp-block-heading animated slideInRight\">10 Suivit de mouvement<\/h3>\n<\/div><\/div><\/div>\n\n\n\n<div id=\"wp-block-themeisle-blocks-timeline-item-1bb7947a\" class=\"wp-block-themeisle-blocks-timeline-item\"><div class=\"o-timeline-container\"><div class=\"o-timeline-icon\"><i class=\"fas fa-circle\"><\/i><\/div><div class=\"o-timeline-content\">\n<h3 class=\"wp-block-heading animated slideInLeft\">11 Rotoscopie et masquage<\/h3>\n<\/div><\/div><\/div>\n\n\n\n<div id=\"wp-block-themeisle-blocks-timeline-item-18b88e19\" class=\"wp-block-themeisle-blocks-timeline-item\"><div class=\"o-timeline-container\"><div class=\"o-timeline-icon\"><i class=\"fas fa-circle\"><\/i><\/div><div class=\"o-timeline-content\">\n<h3 class=\"wp-block-heading animated slideInRight\">12 \u00e9clairage et rendue<\/h3>\n<\/div><\/div><\/div>\n\n\n\n<div id=\"wp-block-themeisle-blocks-timeline-item-26717319\" class=\"wp-block-themeisle-blocks-timeline-item\"><div class=\"o-timeline-container\"><div class=\"o-timeline-icon\"><i class=\"fas fa-circle\"><\/i><\/div><div class=\"o-timeline-content\">\n<h3 class=\"wp-block-heading animated slideInLeft\">13 compositing<\/h3>\n<\/div><\/div><\/div>\n<\/div><\/div>\n<\/div>\n\n\n\n<h2 class=\"wp-block-heading\">Tendances<\/h2>\n\n\n\n<p>Notre compagnie utilise l\u2019ai de fa\u00e7ons r\u00e9fl\u00e9chies \u00e0 des fins de&nbsp;brain&nbsp;storming.&nbsp;&nbsp;<\/p>\n\n\n\n<p>Nous utilisons aussi des logiciels comme blender et&nbsp;Maya<\/p>\n\n\n\n<p><\/p>\n\n\n\n<h2 class=\"wp-block-heading has-text-align-left\" style=\"padding-top:var(--wp--preset--spacing--70);padding-bottom:var(--wp--preset--spacing--70)\">FAQ<\/h2>\n\n\n\n<details class=\"wp-block-details is-layout-flow wp-container-core-details-is-layout-0fe4df0b wp-block-details-is-layout-flow\" style=\"padding-top:var(--wp--preset--spacing--50);padding-bottom:var(--wp--preset--spacing--50)\"><summary><strong>Qu&rsquo;est-ce qu&rsquo;un artiste VFX et quel est son r\u00f4le dans un projet ?<\/strong><\/summary>\n<p>Un artiste VFX (Effets Visuels) est un professionnel sp\u00e9cialis\u00e9 dans la cr\u00e9ation d&rsquo;\u00e9l\u00e9ments num\u00e9riques qui compl\u00e8tent ou modifient des images film\u00e9es. Son r\u00f4le peut inclure la cr\u00e9ation de paysages fantastiques, l\u2019ajout d\u2019animations 3D, la simulation de ph\u00e9nom\u00e8nes naturels (comme des explosions ou de la fum\u00e9e), ou encore l\u2019int\u00e9gration de personnages virtuels dans des sc\u00e8nes r\u00e9elles. En somme, l&rsquo;artiste VFX travaille \u00e0 rendre les visuels d\u2019un projet aussi r\u00e9alistes ou fantastiques que l&rsquo;exige la vision cr\u00e9ative du r\u00e9alisateur.<\/p>\n<\/details>\n\n\n\n<details class=\"wp-block-details is-layout-flow wp-block-details-is-layout-flow\" style=\"padding-top:var(--wp--preset--spacing--50);padding-bottom:var(--wp--preset--spacing--50)\"><summary><strong>Quelles comp\u00e9tences techniques un artiste VFX doit-il ma\u00eetriser ?<\/strong><\/summary>\n<p>Un artiste VFX doit \u00eatre comp\u00e9tent dans l\u2019utilisation de logiciels sp\u00e9cialis\u00e9s comme Adobe After Effects, Autodesk Maya, Nuke, Houdini ou Cinema 4D. En plus de la ma\u00eetrise des outils, l&rsquo;artiste doit comprendre les principes fondamentaux de la lumi\u00e8re, de l\u2019optique, de la simulation de fluides, et des interactions entre les \u00e9l\u00e9ments num\u00e9riques et les sc\u00e8nes r\u00e9elles. Il doit aussi avoir un bon sens de l\u2019esth\u00e9tique pour int\u00e9grer les effets de mani\u00e8re coh\u00e9rente avec l\u2019univers du projet.<\/p>\n<\/details>\n\n\n\n<details class=\"wp-block-details is-layout-flow wp-container-core-details-is-layout-0fe4df0b wp-block-details-is-layout-flow\" style=\"padding-top:var(--wp--preset--spacing--50);padding-bottom:var(--wp--preset--spacing--50)\"><summary><strong>Combien de temps faut-il pour r\u00e9aliser des effets visuels pour un projet ?<\/strong><\/summary>\n<p>Le temps n\u00e9cessaire pour r\u00e9aliser des effets visuels d\u00e9pend de la complexit\u00e9 du projet. Pour un effet simple, comme un \u00e9l\u00e9ment en 3D int\u00e9gr\u00e9 dans une sc\u00e8ne, cela peut prendre quelques jours ou semaines. En revanche, pour des effets plus complexes, tels que des sc\u00e8nes d\u2019action avec des explosions ou la cr\u00e9ation d\u2019un personnage num\u00e9rique r\u00e9aliste, cela peut prendre plusieurs mois de travail, en particulier si plusieurs artistes VFX sont impliqu\u00e9s dans la cr\u00e9ation et l\u2019int\u00e9gration de ces \u00e9l\u00e9ments.<\/p>\n<\/details>\n\n\n\n<div class=\"wp-block-buttons is-content-justification-center is-layout-flex wp-container-core-buttons-is-layout-6b94a5b3 wp-block-buttons-is-layout-flex\" style=\"border-style:none;border-width:0px;padding-top:var(--wp--preset--spacing--80);padding-bottom:var(--wp--preset--spacing--80)\">\n<div class=\"wp-block-button has-custom-width wp-block-button__width-50 is-style-outline is-style-outline--2\"><a class=\"wp-block-button__link has-ast-global-color-4-color has-text-color has-link-color has-border-color has-ast-global-color-1-border-color has-medium-font-size has-custom-font-size wp-element-button\" href=\"https:\/\/emathieu.dectim.ca\/bevv\/contact\" style=\"border-width:2px;border-top-left-radius:48px;border-top-right-radius:48px;border-bottom-left-radius:48px;border-bottom-right-radius:48px;padding-right:0;padding-left:0\">Fait une demande de soumission<\/a><\/div>\n<\/div>\n","protected":false},"excerpt":{"rendered":"<p>PROCESUS DE PRODUCTION Avec notre expertise en effets visuels (VFX), nous transformons vos projets en exp\u00e9riences visuelles inoubliables. De la [&hellip;]<\/p>\n","protected":false},"author":4,"featured_media":0,"parent":0,"menu_order":0,"comment_status":"closed","ping_status":"closed","template":"","meta":{"site-sidebar-layout":"default","site-content-layout":"","ast-site-content-layout":"default","site-content-style":"default","site-sidebar-style":"default","ast-global-header-display":"","ast-banner-title-visibility":"","ast-main-header-display":"","ast-hfb-above-header-display":"","ast-hfb-below-header-display":"","ast-hfb-mobile-header-display":"","site-post-title":"disabled","ast-breadcrumbs-content":"","ast-featured-img":"","footer-sml-layout":"","ast-disable-related-posts":"","theme-transparent-header-meta":"","adv-header-id-meta":"","stick-header-meta":"","header-above-stick-meta":"","header-main-stick-meta":"","header-below-stick-meta":"","astra-migrate-meta-layouts":"default","ast-page-background-enabled":"default","ast-page-background-meta":{"desktop":{"background-color":"var(--ast-global-color-5)","background-image":"","background-repeat":"repeat","background-position":"center center","background-size":"auto","background-attachment":"scroll","background-type":"","background-media":"","overlay-type":"","overlay-color":"","overlay-opacity":"","overlay-gradient":""},"tablet":{"background-color":"","background-image":"","background-repeat":"repeat","background-position":"center center","background-size":"auto","background-attachment":"scroll","background-type":"","background-media":"","overlay-type":"","overlay-color":"","overlay-opacity":"","overlay-gradient":""},"mobile":{"background-color":"","background-image":"","background-repeat":"repeat","background-position":"center center","background-size":"auto","background-attachment":"scroll","background-type":"","background-media":"","overlay-type":"","overlay-color":"","overlay-opacity":"","overlay-gradient":""}},"ast-content-background-meta":{"desktop":{"background-color":"var(--ast-global-color-4)","background-image":"","background-repeat":"repeat","background-position":"center center","background-size":"auto","background-attachment":"scroll","background-type":"","background-media":"","overlay-type":"","overlay-color":"","overlay-opacity":"","overlay-gradient":""},"tablet":{"background-color":"var(--ast-global-color-4)","background-image":"","background-repeat":"repeat","background-position":"center center","background-size":"auto","background-attachment":"scroll","background-type":"","background-media":"","overlay-type":"","overlay-color":"","overlay-opacity":"","overlay-gradient":""},"mobile":{"background-color":"var(--ast-global-color-4)","background-image":"","background-repeat":"repeat","background-position":"center center","background-size":"auto","background-attachment":"scroll","background-type":"","background-media":"","overlay-type":"","overlay-color":"","overlay-opacity":"","overlay-gradient":""}},"_themeisle_gutenberg_block_has_review":false,"footnotes":""},"class_list":["post-298","page","type-page","status-publish","hentry"],"_links":{"self":[{"href":"https:\/\/emathieu.dectim.ca\/bevv\/wp-json\/wp\/v2\/pages\/298","targetHints":{"allow":["GET"]}}],"collection":[{"href":"https:\/\/emathieu.dectim.ca\/bevv\/wp-json\/wp\/v2\/pages"}],"about":[{"href":"https:\/\/emathieu.dectim.ca\/bevv\/wp-json\/wp\/v2\/types\/page"}],"author":[{"embeddable":true,"href":"https:\/\/emathieu.dectim.ca\/bevv\/wp-json\/wp\/v2\/users\/4"}],"replies":[{"embeddable":true,"href":"https:\/\/emathieu.dectim.ca\/bevv\/wp-json\/wp\/v2\/comments?post=298"}],"version-history":[{"count":89,"href":"https:\/\/emathieu.dectim.ca\/bevv\/wp-json\/wp\/v2\/pages\/298\/revisions"}],"predecessor-version":[{"id":2472,"href":"https:\/\/emathieu.dectim.ca\/bevv\/wp-json\/wp\/v2\/pages\/298\/revisions\/2472"}],"wp:attachment":[{"href":"https:\/\/emathieu.dectim.ca\/bevv\/wp-json\/wp\/v2\/media?parent=298"}],"curies":[{"name":"wp","href":"https:\/\/api.w.org\/{rel}","templated":true}]}}